{"id":13,"date":"2020-03-19T06:39:04","date_gmt":"2020-03-19T05:39:04","guid":{"rendered":"http:\/\/ww.restorevolution.net\/?page_id=13"},"modified":"2021-03-19T13:10:00","modified_gmt":"2021-03-19T12:10:00","slug":"reserver","status":"publish","type":"page","link":"https:\/\/osaveurs-medina.com\/RESTO\/en\/reserver\/","title":{"rendered":"R\u00e9server"},"content":{"rendered":"<div class=\"wpb-content-wrapper\">[vc_row full_width=&#8221;stretch_row_content_no_spaces&#8221; content_placement=&#8221;middle&#8221; column_spacing=&#8221;30&#8243; equal_height=&#8221;yes&#8221; remove_bottom_col_margin=&#8221;true&#8221; el_class=&#8221;reservaion-section&#8221;][vc_column visibility=&#8221;hidden-phone&#8221; width=&#8221;1\/2&#8243; css=&#8221;.vc_custom_1593768793469{background-image: url(http:\/\/osaveurs-medina.com\/RESTO\/wp-content\/uploads\/2020\/07\/Accueil1-scaled.jpg?id=1782) !important;background-position: center !important;background-repeat: no-repeat !important;background-size: cover !important;}&#8221;][vc_empty_space][\/vc_column][vc_column width=&#8221;1\/2&#8243; el_class=&#8221;reservaion-col&#8221;][vc_row_inner css=&#8221;.vc_custom_1592057308384{padding-right: 15px !important;padding-left: 15px !important;}&#8221;][vc_column_inner width=&#8221;1\/6&#8243;][\/vc_column_inner][vc_column_inner width=&#8221;2\/3&#8243;]<div class=\"vcex-spacing wpex-w-100 wpex-clear\"><\/div><div class=\"vcex-heading vcex-heading-plain vcex-module wpex-heading wpex-text-2xl heading-main\"><span class=\"vcex-heading-inner wpex-inline-block\">reserve a table<\/span><\/div>[vc_column_text]Nothing could be simpler to reserve a table: fill in the fields below and click on &#8220;Reservation request&#8221;. Depending on our availability on the date at the time of your request, you will receive an email confirming your reservation or not.[\/vc_column_text]<div class=\"vcex-spacing wpex-w-100 wpex-clear\"><\/div>[\/vc_column_inner][vc_column_inner width=&#8221;1\/6&#8243;][\/vc_column_inner][\/vc_row_inner][\/vc_column][\/vc_row][vc_row][vc_column width=&#8221;1\/6&#8243;][\/vc_column][vc_column width=&#8221;2\/3&#8243;][vc_raw_html]JTVCcXVmb3JtJTIwaWQlM0QlMjIyJTIyJTIwbmFtZSUzRCUyMlIlQzMlQTlzZXJ2ZXIlMjB1bmUlMjB0YWJsZSUyMGVuJTIyJTVE[\/vc_raw_html][\/vc_column][vc_column width=&#8221;1\/6&#8243;][\/vc_column][\/vc_row]\n<\/div>","protected":false},"excerpt":{"rendered":"<p>[vc_row full_width=&#8221;stretch_row_content_no_spaces&#8221; content_placement=&#8221;middle&#8221; column_spacing=&#8221;30&#8243; equal_height=&#8221;yes&#8221; remove_bottom_col_margin=&#8221;true&#8221; el_class=&#8221;reservaion-section&#8221;][vc_column visibility=&#8221;hidden-phone&#8221; width=&#8221;1\/2&#8243; css=&#8221;.vc_custom_1593768793469{background-image: url(http:\/\/osaveurs-medina.com\/RESTO\/wp-content\/uploads\/2020\/07\/Accueil1-scaled.jpg?id=1782) !important;background-position: center !important;background-repeat: no-repeat !important;background-size: cover !important;}&#8221;][vc_empty_space][\/vc_column][vc_column width=&#8221;1\/2&#8243; el_class=&#8221;reservaion-col&#8221;][vc_row_inner css=&#8221;.vc_custom_1592057308384{padding-right: 15px !important;padding-left: 15px !important;}&#8221;][vc_column_inner width=&#8221;1\/6&#8243;][\/vc_column_inner][vc_column_inner width=&#8221;2\/3&#8243;][vc_column_text]Nothing could be simpler to reserve a table: fill in the fields below and click on &#8220;Reservation request&#8221;. Depending on our availability on the date at the time of&hellip;<\/p>\n","protected":false},"author":1,"featured_media":0,"parent":0,"menu_order":0,"comment_status":"closed","ping_status":"closed","template":"","meta":{"footnotes":""},"class_list":["post-13","page","type-page","status-publish","hentry","entry","no-media"],"yoast_head":"<!-- This site is optimized with the Yoast SEO plugin v27.3 - https:\/\/yoast.com\/product\/yoast-seo-wordpress\/ -->\n<title>R\u00e9server<\/title>\n<meta name=\"robots\" content=\"index, follow, max-snippet:-1, max-image-preview:large, max-video-preview:-1\" \/>\n<link rel=\"canonical\" href=\"https:\/\/osaveurs-medina.com\/RESTO\/en\/reserver\/\" \/>\n<meta property=\"og:locale\" content=\"en_US\" \/>\n<meta property=\"og:locale:alternate\" content=\"fr_FR\" \/>\n<meta property=\"og:type\" content=\"article\" \/>\n<meta property=\"og:title\" content=\"R\u00e9server\" \/>\n<meta property=\"og:description\" content=\"[vc_row full_width=&#8221;stretch_row_content_no_spaces&#8221; content_placement=&#8221;middle&#8221; column_spacing=&#8221;30&#8243; equal_height=&#8221;yes&#8221; remove_bottom_col_margin=&#8221;true&#8221; el_class=&#8221;reservaion-section&#8221;][vc_column visibility=&#8221;hidden-phone&#8221; width=&#8221;1\/2&#8243; css=&#8221;.vc_custom_1593768793469{background-image: url(http:\/\/osaveurs-medina.com\/RESTO\/wp-content\/uploads\/2020\/07\/Accueil1-scaled.jpg?id=1782) !important;background-position: center !important;background-repeat: no-repeat !important;background-size: cover !important;}&#8221;][vc_empty_space][\/vc_column][vc_column width=&#8221;1\/2&#8243; el_class=&#8221;reservaion-col&#8221;][vc_row_inner css=&#8221;.vc_custom_1592057308384{padding-right: 15px !important;padding-left: 15px !important;}&#8221;][vc_column_inner width=&#8221;1\/6&#8243;][\/vc_column_inner][vc_column_inner width=&#8221;2\/3&#8243;][vc_column_text]Nothing could be simpler to reserve a table: fill in the fields below and click on &#8220;Reservation request&#8221;. Depending on our availability on the date at the time of&hellip;\" \/>\n<meta property=\"og:url\" content=\"https:\/\/osaveurs-medina.com\/RESTO\/en\/reserver\/\" \/>\n<meta property=\"og:site_name\" content=\"\u00d4 Flavors of the Medina\" \/>\n<meta property=\"article:modified_time\" content=\"2021-03-19T12:10:00+00:00\" \/>\n<meta name=\"twitter:card\" content=\"summary_large_image\" \/>\n<meta name=\"twitter:label1\" content=\"Est. reading time\" \/>\n\t<meta name=\"twitter:data1\" content=\"1 minute\" \/>\n<script type=\"application\/ld+json\" class=\"yoast-schema-graph\">{\"@context\":\"https:\\\/\\\/schema.org\",\"@graph\":[{\"@type\":\"WebPage\",\"@id\":\"https:\\\/\\\/osaveurs-medina.com\\\/RESTO\\\/reserver\\\/\",\"url\":\"https:\\\/\\\/osaveurs-medina.com\\\/RESTO\\\/reserver\\\/\",\"name\":\"R\u00e9server\",\"isPartOf\":{\"@id\":\"https:\\\/\\\/osaveurs-medina.com\\\/RESTO\\\/#website\"},\"datePublished\":\"2020-03-19T05:39:04+00:00\",\"dateModified\":\"2021-03-19T12:10:00+00:00\",\"inLanguage\":\"en-US\",\"potentialAction\":[{\"@type\":\"ReadAction\",\"target\":[\"https:\\\/\\\/osaveurs-medina.com\\\/RESTO\\\/reserver\\\/\"]}]},{\"@type\":\"WebSite\",\"@id\":\"https:\\\/\\\/osaveurs-medina.com\\\/RESTO\\\/#website\",\"url\":\"https:\\\/\\\/osaveurs-medina.com\\\/RESTO\\\/\",\"name\":\"\u00d4 Flavors of the Medina\",\"description\":\"Your restaurant in Rabat Morocco\",\"publisher\":{\"@id\":\"https:\\\/\\\/osaveurs-medina.com\\\/RESTO\\\/#organization\"},\"potentialAction\":[{\"@type\":\"SearchAction\",\"target\":{\"@type\":\"EntryPoint\",\"urlTemplate\":\"https:\\\/\\\/osaveurs-medina.com\\\/RESTO\\\/?s={search_term_string}\"},\"query-input\":{\"@type\":\"PropertyValueSpecification\",\"valueRequired\":true,\"valueName\":\"search_term_string\"}}],\"inLanguage\":\"en-US\"},{\"@type\":\"Organization\",\"@id\":\"https:\\\/\\\/osaveurs-medina.com\\\/RESTO\\\/#organization\",\"name\":\"\u00d4 Saveurs de la M\u00e9dina\",\"url\":\"https:\\\/\\\/osaveurs-medina.com\\\/RESTO\\\/\",\"logo\":{\"@type\":\"ImageObject\",\"inLanguage\":\"en-US\",\"@id\":\"https:\\\/\\\/osaveurs-medina.com\\\/RESTO\\\/#\\\/schema\\\/logo\\\/image\\\/\",\"url\":\"https:\\\/\\\/osaveurs-medina.com\\\/RESTO\\\/wp-content\\\/uploads\\\/2020\\\/07\\\/cropped-logo_restaurant.PNG.png\",\"contentUrl\":\"https:\\\/\\\/osaveurs-medina.com\\\/RESTO\\\/wp-content\\\/uploads\\\/2020\\\/07\\\/cropped-logo_restaurant.PNG.png\",\"width\":512,\"height\":512,\"caption\":\"\u00d4 Saveurs de la M\u00e9dina\"},\"image\":{\"@id\":\"https:\\\/\\\/osaveurs-medina.com\\\/RESTO\\\/#\\\/schema\\\/logo\\\/image\\\/\"}}]}<\/script>\n<!-- \/ Yoast SEO plugin. -->","yoast_head_json":{"title":"R\u00e9server","robots":{"index":"index","follow":"follow","max-snippet":"max-snippet:-1","max-image-preview":"max-image-preview:large","max-video-preview":"max-video-preview:-1"},"canonical":"https:\/\/osaveurs-medina.com\/RESTO\/en\/reserver\/","og_locale":"en_US","og_type":"article","og_title":"[:fr]R\u00e9server[:en]R\u00e9server[:] - \u00d4 Flavors of the Medina","og_description":"[vc_row full_width=&#8221;stretch_row_content_no_spaces&#8221; content_placement=&#8221;middle&#8221; column_spacing=&#8221;30&#8243; equal_height=&#8221;yes&#8221; remove_bottom_col_margin=&#8221;true&#8221; el_class=&#8221;reservaion-section&#8221;][vc_column visibility=&#8221;hidden-phone&#8221; width=&#8221;1\/2&#8243; css=&#8221;.vc_custom_1593768793469{background-image: url(http:\/\/osaveurs-medina.com\/RESTO\/wp-content\/uploads\/2020\/07\/Accueil1-scaled.jpg?id=1782) !important;background-position: center !important;background-repeat: no-repeat !important;background-size: cover !important;}&#8221;][vc_empty_space][\/vc_column][vc_column width=&#8221;1\/2&#8243; el_class=&#8221;reservaion-col&#8221;][vc_row_inner css=&#8221;.vc_custom_1592057308384{padding-right: 15px !important;padding-left: 15px !important;}&#8221;][vc_column_inner width=&#8221;1\/6&#8243;][\/vc_column_inner][vc_column_inner width=&#8221;2\/3&#8243;][vc_column_text]Nothing could be simpler to reserve a table: fill in the fields below and click on &#8220;Reservation request&#8221;. Depending on our availability on the date at the time of&hellip;","og_url":"https:\/\/osaveurs-medina.com\/RESTO\/en\/reserver\/","og_site_name":"\u00d4 Flavors of the Medina","article_modified_time":"2021-03-19T12:10:00+00:00","twitter_card":"summary_large_image","twitter_misc":{"Est. reading time":"1 minute"},"schema":{"@context":"https:\/\/schema.org","@graph":[{"@type":"WebPage","@id":"https:\/\/osaveurs-medina.com\/RESTO\/reserver\/","url":"https:\/\/osaveurs-medina.com\/RESTO\/reserver\/","name":"R\u00e9server","isPartOf":{"@id":"https:\/\/osaveurs-medina.com\/RESTO\/#website"},"datePublished":"2020-03-19T05:39:04+00:00","dateModified":"2021-03-19T12:10:00+00:00","inLanguage":"en-US","potentialAction":[{"@type":"ReadAction","target":["https:\/\/osaveurs-medina.com\/RESTO\/reserver\/"]}]},{"@type":"WebSite","@id":"https:\/\/osaveurs-medina.com\/RESTO\/#website","url":"https:\/\/osaveurs-medina.com\/RESTO\/","name":"\u00d4 Flavors of the Medina","description":"Your restaurant in Rabat Morocco","publisher":{"@id":"https:\/\/osaveurs-medina.com\/RESTO\/#organization"},"potentialAction":[{"@type":"SearchAction","target":{"@type":"EntryPoint","urlTemplate":"https:\/\/osaveurs-medina.com\/RESTO\/?s={search_term_string}"},"query-input":{"@type":"PropertyValueSpecification","valueRequired":true,"valueName":"search_term_string"}}],"inLanguage":"en-US"},{"@type":"Organization","@id":"https:\/\/osaveurs-medina.com\/RESTO\/#organization","name":"\u00d4 Saveurs de la M\u00e9dina","url":"https:\/\/osaveurs-medina.com\/RESTO\/","logo":{"@type":"ImageObject","inLanguage":"en-US","@id":"https:\/\/osaveurs-medina.com\/RESTO\/#\/schema\/logo\/image\/","url":"https:\/\/osaveurs-medina.com\/RESTO\/wp-content\/uploads\/2020\/07\/cropped-logo_restaurant.PNG.png","contentUrl":"https:\/\/osaveurs-medina.com\/RESTO\/wp-content\/uploads\/2020\/07\/cropped-logo_restaurant.PNG.png","width":512,"height":512,"caption":"\u00d4 Saveurs de la M\u00e9dina"},"image":{"@id":"https:\/\/osaveurs-medina.com\/RESTO\/#\/schema\/logo\/image\/"}}]}},"_links":{"self":[{"href":"https:\/\/osaveurs-medina.com\/RESTO\/en\/wp-json\/wp\/v2\/pages\/13","targetHints":{"allow":["GET"]}}],"collection":[{"href":"https:\/\/osaveurs-medina.com\/RESTO\/en\/wp-json\/wp\/v2\/pages"}],"about":[{"href":"https:\/\/osaveurs-medina.com\/RESTO\/en\/wp-json\/wp\/v2\/types\/page"}],"author":[{"embeddable":true,"href":"https:\/\/osaveurs-medina.com\/RESTO\/en\/wp-json\/wp\/v2\/users\/1"}],"replies":[{"embeddable":true,"href":"https:\/\/osaveurs-medina.com\/RESTO\/en\/wp-json\/wp\/v2\/comments?post=13"}],"version-history":[{"count":0,"href":"https:\/\/osaveurs-medina.com\/RESTO\/en\/wp-json\/wp\/v2\/pages\/13\/revisions"}],"wp:attachment":[{"href":"https:\/\/osaveurs-medina.com\/RESTO\/en\/wp-json\/wp\/v2\/media?parent=13"}],"curies":[{"name":"wp","href":"https:\/\/api.w.org\/{rel}","templated":true}]}}