{"id":2267,"date":"2021-02-20T18:14:12","date_gmt":"2021-02-20T17:14:12","guid":{"rendered":"https:\/\/osaveurs-medina.com\/RESTO\/?page_id=2267"},"modified":"2021-05-18T17:38:49","modified_gmt":"2021-05-18T16:38:49","slug":"evenements-a-rabat","status":"publish","type":"page","link":"https:\/\/osaveurs-medina.com\/RESTO\/en\/evenements-a-rabat\/","title":{"rendered":"Events"},"content":{"rendered":"<div class=\"wpb-content-wrapper\">[vc_row][vc_column][vc_column_text]\n<h2 style=\"text-align: center;\">To place an oder for an event please create an account an log in. To do this click on My Account<\/h2>\n[\/vc_column_text][\/vc_column][\/vc_row][vc_row][vc_column width=&#8221;1\/2&#8243;][vc_column_text css=&#8221;.vc_custom_1621339030054{padding-top: 40px !important;}&#8221;]<strong>To place an order for an event, nothing more simple<\/strong>\u00a0:<\/p>\n<ol>\n<li>Browse the list<\/li>\n<li>Click on the desired event<\/li>\n<li>The event page opens with the details<\/li>\n<li>Click on the book button<\/li>\n<li>In the basket, choose the number of seats, continue your order<\/li>\n<li>Pay your reservation<\/li>\n<\/ol>\n[\/vc_column_text][vc_zigzag color=&#8221;custom&#8221; el_border_width=&#8221;20&#8243; custom_color=&#8221;rgba(255,255,255,0.01)&#8221;][vc_zigzag color=&#8221;custom&#8221; el_border_width=&#8221;20&#8243; custom_color=&#8221;rgba(255,255,255,0.01)&#8221;]<div class=\"vcex-blog-carousel wpex-carousel wpex-carousel-blog wpex-clr vcex-module owl-carousel arrwstyle-default arrwpos-default\" data-wpex-carousel=\"{&quot;autoplay&quot;:&quot;true&quot;,&quot;margin&quot;:10,&quot;slideBy&quot;:1,&quot;items&quot;:1,&quot;responsive&quot;:{&quot;0&quot;:{&quot;items&quot;:&quot;1&quot;},&quot;480&quot;:{&quot;items&quot;:1},&quot;768&quot;:{&quot;items&quot;:1},&quot;960&quot;:{&quot;items&quot;:1}},&quot;autoHeight&quot;:&quot;true&quot;}\"><div class=\"wpex-carousel-slide has-media\"><div class=\"wpex-carousel-entry-media entry-media wpex-relative\"><a href=\"https:\/\/osaveurs-medina.com\/RESTO\/en\/soirees-a-theme\/\" title=\"Theme evenings\" class=\"wpex-carousel-entry-img\"><img width=\"610\" height=\"610\" src=\"https:\/\/osaveurs-medina.com\/RESTO\/wp-content\/uploads\/2020\/07\/Evenements2-soire-diner-folk.jpg\" class=\"wpex-align-middle skip-lazy\" alt=\"\" data-no-lazy=\"1\" srcset=\"https:\/\/osaveurs-medina.com\/RESTO\/wp-content\/uploads\/2020\/07\/Evenements2-soire-diner-folk.jpg 610w, https:\/\/osaveurs-medina.com\/RESTO\/wp-content\/uploads\/2020\/07\/Evenements2-soire-diner-folk-300x300.jpg 300w, https:\/\/osaveurs-medina.com\/RESTO\/wp-content\/uploads\/2020\/07\/Evenements2-soire-diner-folk-100x100.jpg 100w, https:\/\/osaveurs-medina.com\/RESTO\/wp-content\/uploads\/2020\/07\/Evenements2-soire-diner-folk-600x600.jpg 600w, https:\/\/osaveurs-medina.com\/RESTO\/wp-content\/uploads\/2020\/07\/Evenements2-soire-diner-folk-150x150.jpg 150w, https:\/\/osaveurs-medina.com\/RESTO\/wp-content\/uploads\/2020\/07\/Evenements2-soire-diner-folk-200x200.jpg 200w, https:\/\/osaveurs-medina.com\/RESTO\/wp-content\/uploads\/2020\/07\/Evenements2-soire-diner-folk-125x125.jpg 125w\" sizes=\"(max-width: 610px) 100vw, 610px\" \/><i class=\"wpex-thumbnail-format-icon wpex-block wpex-right-0 wpex-bottom-0 wpex-mr-15 wpex-mb-15 wpex-absolute wpex-text-white wpex-text-center wpex-leading-none\" aria-hidden=\"true\"><span class=\"wpex-icon\" aria-hidden=\"true\"><svg xmlns=\"http:\/\/www.w3.org\/2000\/svg\" viewBox=\"0 0 384 512\"><path d=\"M64 464c-8.8 0-16-7.2-16-16V64c0-8.8 7.2-16 16-16H224v80c0 17.7 14.3 32 32 32h80V448c0 8.8-7.2 16-16 16H64zM64 0C28.7 0 0 28.7 0 64V448c0 35.3 28.7 64 64 64H320c35.3 0 64-28.7 64-64V154.5c0-17-6.7-33.3-18.7-45.3L274.7 18.7C262.7 6.7 246.5 0 229.5 0H64zm56 256c-13.3 0-24 10.7-24 24s10.7 24 24 24H264c13.3 0 24-10.7 24-24s-10.7-24-24-24H120zm0 96c-13.3 0-24 10.7-24 24s10.7 24 24 24H264c13.3 0 24-10.7 24-24s-10.7-24-24-24H120z\"\/><\/svg><\/span><\/i><\/a><\/div><div class=\"wpex-carousel-entry-details entry-details wpex-boxed wpex-first-mt-0 wpex-last-mb-0 wpex-clr\"><div class=\"wpex-carousel-entry-title entry-title wpex-mb-5\"><a href=\"https:\/\/osaveurs-medina.com\/RESTO\/en\/soirees-a-theme\/\">Theme evenings<\/a><\/div><div class=\"wpex-carousel-entry-excerpt entry-excerpt wpex-my-15 wpex-text-pretty wpex-last-mb-0 wpex-clr\"><p>[:fr]Nous proposons r\u00e9guli\u00e8rement des journ\u00e9es ou des soir\u00e9es sp\u00e9ciales : Samedis ou Dimanches Brunch et&hellip;<\/p><\/div><\/div><\/div><div class=\"wpex-carousel-slide has-media\"><div class=\"wpex-carousel-entry-media entry-media wpex-relative\"><a href=\"https:\/\/osaveurs-medina.com\/RESTO\/en\/cours-de-cuisine\/\" title=\"Cooking classes\" class=\"wpex-carousel-entry-img\"><img width=\"610\" height=\"610\" src=\"https:\/\/osaveurs-medina.com\/RESTO\/wp-content\/uploads\/2021\/02\/cours-cuisine-rabat.jpg\" class=\"wpex-align-middle skip-lazy\" alt=\"\" data-no-lazy=\"1\" srcset=\"https:\/\/osaveurs-medina.com\/RESTO\/wp-content\/uploads\/2021\/02\/cours-cuisine-rabat.jpg 610w, https:\/\/osaveurs-medina.com\/RESTO\/wp-content\/uploads\/2021\/02\/cours-cuisine-rabat-300x300.jpg 300w, https:\/\/osaveurs-medina.com\/RESTO\/wp-content\/uploads\/2021\/02\/cours-cuisine-rabat-100x100.jpg 100w, https:\/\/osaveurs-medina.com\/RESTO\/wp-content\/uploads\/2021\/02\/cours-cuisine-rabat-600x600.jpg 600w, https:\/\/osaveurs-medina.com\/RESTO\/wp-content\/uploads\/2021\/02\/cours-cuisine-rabat-150x150.jpg 150w, https:\/\/osaveurs-medina.com\/RESTO\/wp-content\/uploads\/2021\/02\/cours-cuisine-rabat-200x200.jpg 200w, https:\/\/osaveurs-medina.com\/RESTO\/wp-content\/uploads\/2021\/02\/cours-cuisine-rabat-12x12.jpg 12w, https:\/\/osaveurs-medina.com\/RESTO\/wp-content\/uploads\/2021\/02\/cours-cuisine-rabat-125x125.jpg 125w\" sizes=\"(max-width: 610px) 100vw, 610px\" \/><i class=\"wpex-thumbnail-format-icon wpex-block wpex-right-0 wpex-bottom-0 wpex-mr-15 wpex-mb-15 wpex-absolute wpex-text-white wpex-text-center wpex-leading-none\" aria-hidden=\"true\"><span class=\"wpex-icon\" aria-hidden=\"true\"><svg xmlns=\"http:\/\/www.w3.org\/2000\/svg\" viewBox=\"0 0 384 512\"><path d=\"M64 464c-8.8 0-16-7.2-16-16V64c0-8.8 7.2-16 16-16H224v80c0 17.7 14.3 32 32 32h80V448c0 8.8-7.2 16-16 16H64zM64 0C28.7 0 0 28.7 0 64V448c0 35.3 28.7 64 64 64H320c35.3 0 64-28.7 64-64V154.5c0-17-6.7-33.3-18.7-45.3L274.7 18.7C262.7 6.7 246.5 0 229.5 0H64zm56 256c-13.3 0-24 10.7-24 24s10.7 24 24 24H264c13.3 0 24-10.7 24-24s-10.7-24-24-24H120zm0 96c-13.3 0-24 10.7-24 24s10.7 24 24 24H264c13.3 0 24-10.7 24-24s-10.7-24-24-24H120z\"\/><\/svg><\/span><\/i><\/a><\/div><div class=\"wpex-carousel-entry-details entry-details wpex-boxed wpex-first-mt-0 wpex-last-mb-0 wpex-clr\"><div class=\"wpex-carousel-entry-title entry-title wpex-mb-5\"><a href=\"https:\/\/osaveurs-medina.com\/RESTO\/en\/cours-de-cuisine\/\">Cooking classes<\/a><\/div><div class=\"wpex-carousel-entry-excerpt entry-excerpt wpex-my-15 wpex-text-pretty wpex-last-mb-0 wpex-clr\"><p>[:fr]Un vrai moment de partage : vous pr\u00e9parez votre plat et vous le d\u00e9gustez ensuite&hellip;<\/p><\/div><\/div><\/div><div class=\"wpex-carousel-slide has-media\"><div class=\"wpex-carousel-entry-media entry-media wpex-relative\"><a href=\"https:\/\/osaveurs-medina.com\/RESTO\/en\/la-vente-a-emporter\/\" title=\"Private events\" class=\"wpex-carousel-entry-img\"><img width=\"610\" height=\"610\" src=\"https:\/\/osaveurs-medina.com\/RESTO\/wp-content\/uploads\/2021\/02\/evenements-prives-rabat.jpg\" class=\"wpex-align-middle skip-lazy\" alt=\"\" data-no-lazy=\"1\" srcset=\"https:\/\/osaveurs-medina.com\/RESTO\/wp-content\/uploads\/2021\/02\/evenements-prives-rabat.jpg 610w, https:\/\/osaveurs-medina.com\/RESTO\/wp-content\/uploads\/2021\/02\/evenements-prives-rabat-300x300.jpg 300w, https:\/\/osaveurs-medina.com\/RESTO\/wp-content\/uploads\/2021\/02\/evenements-prives-rabat-100x100.jpg 100w, https:\/\/osaveurs-medina.com\/RESTO\/wp-content\/uploads\/2021\/02\/evenements-prives-rabat-600x600.jpg 600w, https:\/\/osaveurs-medina.com\/RESTO\/wp-content\/uploads\/2021\/02\/evenements-prives-rabat-150x150.jpg 150w, https:\/\/osaveurs-medina.com\/RESTO\/wp-content\/uploads\/2021\/02\/evenements-prives-rabat-200x200.jpg 200w, https:\/\/osaveurs-medina.com\/RESTO\/wp-content\/uploads\/2021\/02\/evenements-prives-rabat-12x12.jpg 12w, https:\/\/osaveurs-medina.com\/RESTO\/wp-content\/uploads\/2021\/02\/evenements-prives-rabat-125x125.jpg 125w\" sizes=\"(max-width: 610px) 100vw, 610px\" \/><i class=\"wpex-thumbnail-format-icon wpex-block wpex-right-0 wpex-bottom-0 wpex-mr-15 wpex-mb-15 wpex-absolute wpex-text-white wpex-text-center wpex-leading-none\" aria-hidden=\"true\"><span class=\"wpex-icon\" aria-hidden=\"true\"><svg xmlns=\"http:\/\/www.w3.org\/2000\/svg\" viewBox=\"0 0 384 512\"><path d=\"M64 464c-8.8 0-16-7.2-16-16V64c0-8.8 7.2-16 16-16H224v80c0 17.7 14.3 32 32 32h80V448c0 8.8-7.2 16-16 16H64zM64 0C28.7 0 0 28.7 0 64V448c0 35.3 28.7 64 64 64H320c35.3 0 64-28.7 64-64V154.5c0-17-6.7-33.3-18.7-45.3L274.7 18.7C262.7 6.7 246.5 0 229.5 0H64zm56 256c-13.3 0-24 10.7-24 24s10.7 24 24 24H264c13.3 0 24-10.7 24-24s-10.7-24-24-24H120zm0 96c-13.3 0-24 10.7-24 24s10.7 24 24 24H264c13.3 0 24-10.7 24-24s-10.7-24-24-24H120z\"\/><\/svg><\/span><\/i><\/a><\/div><div class=\"wpex-carousel-entry-details entry-details wpex-boxed wpex-first-mt-0 wpex-last-mb-0 wpex-clr\"><div class=\"wpex-carousel-entry-title entry-title wpex-mb-5\"><a href=\"https:\/\/osaveurs-medina.com\/RESTO\/en\/la-vente-a-emporter\/\">Private events<\/a><\/div><div class=\"wpex-carousel-entry-excerpt entry-excerpt wpex-my-15 wpex-text-pretty wpex-last-mb-0 wpex-clr\"><p>[:fr]Dans un cadre authentique (patio, terrasse, ...) vous organisez un mariage, un anniversaire, un s\u00e9minaire&hellip;<\/p><\/div><\/div><\/div><\/div>[\/vc_column][vc_column width=&#8221;1\/2&#8243;][vc_raw_html]JTVCd2NzLXNjaGVkdWxlJTIwaWQlM0QxJTVE[\/vc_raw_html][vc_raw_html]JTVCd2NzLXNjaGVkdWxlJTIwaWQlM0QyJTVE[\/vc_raw_html][\/vc_column][\/vc_row]\n<\/div>","protected":false},"excerpt":{"rendered":"<p>[vc_row][vc_column][vc_column_text] To place an oder for an event please create an account an log in. To do this click on My Account [\/vc_column_text][\/vc_column][\/vc_row][vc_row][vc_column width=&#8221;1\/2&#8243;][vc_column_text css=&#8221;.vc_custom_1621339030054{padding-top: 40px !important;}&#8221;]To place an order for an event, nothing more simple\u00a0: Browse the list Click on the desired event The event page opens with the details Click on the book&hellip;<\/p>\n","protected":false},"author":1,"featured_media":0,"parent":0,"menu_order":0,"comment_status":"closed","ping_status":"closed","template":"","meta":{"footnotes":""},"class_list":["post-2267","page","type-page","status-publish","hentry","entry","has-media"],"yoast_head":"<!-- This site is optimized with the Yoast SEO plugin v27.3 - https:\/\/yoast.com\/product\/yoast-seo-wordpress\/ -->\n<title>Events<\/title>\n<meta name=\"robots\" content=\"index, follow, max-snippet:-1, max-image-preview:large, max-video-preview:-1\" \/>\n<link rel=\"canonical\" href=\"https:\/\/osaveurs-medina.com\/RESTO\/en\/evenements-a-rabat\/\" \/>\n<meta property=\"og:locale\" content=\"en_US\" \/>\n<meta property=\"og:locale:alternate\" content=\"fr_FR\" \/>\n<meta property=\"og:type\" content=\"article\" \/>\n<meta property=\"og:title\" content=\"Events\" \/>\n<meta property=\"og:description\" content=\"[vc_row][vc_column][vc_column_text] To place an oder for an event please create an account an log in. To do this click on My Account [\/vc_column_text][\/vc_column][\/vc_row][vc_row][vc_column width=&#8221;1\/2&#8243;][vc_column_text css=&#8221;.vc_custom_1621339030054{padding-top: 40px !important;}&#8221;]To place an order for an event, nothing more simple\u00a0: Browse the list Click on the desired event The event page opens with the details Click on the book&hellip;\" \/>\n<meta property=\"og:url\" content=\"https:\/\/osaveurs-medina.com\/RESTO\/en\/la-vente-a-emporter\/\" \/>\n<meta property=\"og:site_name\" content=\"\u00d4 Flavors of the Medina\" \/>\n<meta property=\"article:modified_time\" content=\"2021-05-18T16:38:49+00:00\" \/>\n<meta name=\"twitter:card\" content=\"summary_large_image\" \/>\n<meta name=\"twitter:label1\" content=\"Est. reading time\" \/>\n\t<meta name=\"twitter:data1\" content=\"1 minute\" \/>\n<script type=\"application\/ld+json\" class=\"yoast-schema-graph\">{\"@context\":\"https:\\\/\\\/schema.org\",\"@graph\":[{\"@type\":\"WebPage\",\"@id\":\"https:\\\/\\\/osaveurs-medina.com\\\/RESTO\\\/evenements-a-rabat\\\/\",\"url\":\"https:\\\/\\\/osaveurs-medina.com\\\/RESTO\\\/evenements-a-rabat\\\/\",\"name\":\"Events\",\"isPartOf\":{\"@id\":\"https:\\\/\\\/osaveurs-medina.com\\\/RESTO\\\/#website\"},\"datePublished\":\"2021-02-20T17:14:12+00:00\",\"dateModified\":\"2021-05-18T16:38:49+00:00\",\"inLanguage\":\"en-US\",\"potentialAction\":[{\"@type\":\"ReadAction\",\"target\":[\"https:\\\/\\\/osaveurs-medina.com\\\/RESTO\\\/evenements-a-rabat\\\/\"]}]},{\"@type\":\"WebSite\",\"@id\":\"https:\\\/\\\/osaveurs-medina.com\\\/RESTO\\\/#website\",\"url\":\"https:\\\/\\\/osaveurs-medina.com\\\/RESTO\\\/\",\"name\":\"\u00d4 Flavors of the Medina\",\"description\":\"Your restaurant in Rabat Morocco\",\"publisher\":{\"@id\":\"https:\\\/\\\/osaveurs-medina.com\\\/RESTO\\\/#organization\"},\"potentialAction\":[{\"@type\":\"SearchAction\",\"target\":{\"@type\":\"EntryPoint\",\"urlTemplate\":\"https:\\\/\\\/osaveurs-medina.com\\\/RESTO\\\/?s={search_term_string}\"},\"query-input\":{\"@type\":\"PropertyValueSpecification\",\"valueRequired\":true,\"valueName\":\"search_term_string\"}}],\"inLanguage\":\"en-US\"},{\"@type\":\"Organization\",\"@id\":\"https:\\\/\\\/osaveurs-medina.com\\\/RESTO\\\/#organization\",\"name\":\"\u00d4 Saveurs de la M\u00e9dina\",\"url\":\"https:\\\/\\\/osaveurs-medina.com\\\/RESTO\\\/\",\"logo\":{\"@type\":\"ImageObject\",\"inLanguage\":\"en-US\",\"@id\":\"https:\\\/\\\/osaveurs-medina.com\\\/RESTO\\\/#\\\/schema\\\/logo\\\/image\\\/\",\"url\":\"https:\\\/\\\/osaveurs-medina.com\\\/RESTO\\\/wp-content\\\/uploads\\\/2020\\\/07\\\/cropped-logo_restaurant.PNG.png\",\"contentUrl\":\"https:\\\/\\\/osaveurs-medina.com\\\/RESTO\\\/wp-content\\\/uploads\\\/2020\\\/07\\\/cropped-logo_restaurant.PNG.png\",\"width\":512,\"height\":512,\"caption\":\"\u00d4 Saveurs de la M\u00e9dina\"},\"image\":{\"@id\":\"https:\\\/\\\/osaveurs-medina.com\\\/RESTO\\\/#\\\/schema\\\/logo\\\/image\\\/\"}}]}<\/script>\n<!-- \/ Yoast SEO plugin. -->","yoast_head_json":{"title":"Events","robots":{"index":"index","follow":"follow","max-snippet":"max-snippet:-1","max-image-preview":"max-image-preview:large","max-video-preview":"max-video-preview:-1"},"canonical":"https:\/\/osaveurs-medina.com\/RESTO\/en\/evenements-a-rabat\/","og_locale":"en_US","og_type":"article","og_title":"[:fr]\u00c9v\u00e9nements[:en]Events[:] - \u00d4 Flavors of the Medina","og_description":"[vc_row][vc_column][vc_column_text] To place an oder for an event please create an account an log in. To do this click on My Account [\/vc_column_text][\/vc_column][\/vc_row][vc_row][vc_column width=&#8221;1\/2&#8243;][vc_column_text css=&#8221;.vc_custom_1621339030054{padding-top: 40px !important;}&#8221;]To place an order for an event, nothing more simple\u00a0: Browse the list Click on the desired event The event page opens with the details Click on the book&hellip;","og_url":"https:\/\/osaveurs-medina.com\/RESTO\/en\/la-vente-a-emporter\/","og_site_name":"\u00d4 Flavors of the Medina","article_modified_time":"2021-05-18T16:38:49+00:00","twitter_card":"summary_large_image","twitter_misc":{"Est. reading time":"1 minute"},"schema":{"@context":"https:\/\/schema.org","@graph":[{"@type":"WebPage","@id":"https:\/\/osaveurs-medina.com\/RESTO\/evenements-a-rabat\/","url":"https:\/\/osaveurs-medina.com\/RESTO\/evenements-a-rabat\/","name":"Events","isPartOf":{"@id":"https:\/\/osaveurs-medina.com\/RESTO\/#website"},"datePublished":"2021-02-20T17:14:12+00:00","dateModified":"2021-05-18T16:38:49+00:00","inLanguage":"en-US","potentialAction":[{"@type":"ReadAction","target":["https:\/\/osaveurs-medina.com\/RESTO\/evenements-a-rabat\/"]}]},{"@type":"WebSite","@id":"https:\/\/osaveurs-medina.com\/RESTO\/#website","url":"https:\/\/osaveurs-medina.com\/RESTO\/","name":"\u00d4 Flavors of the Medina","description":"Your restaurant in Rabat Morocco","publisher":{"@id":"https:\/\/osaveurs-medina.com\/RESTO\/#organization"},"potentialAction":[{"@type":"SearchAction","target":{"@type":"EntryPoint","urlTemplate":"https:\/\/osaveurs-medina.com\/RESTO\/?s={search_term_string}"},"query-input":{"@type":"PropertyValueSpecification","valueRequired":true,"valueName":"search_term_string"}}],"inLanguage":"en-US"},{"@type":"Organization","@id":"https:\/\/osaveurs-medina.com\/RESTO\/#organization","name":"\u00d4 Saveurs de la M\u00e9dina","url":"https:\/\/osaveurs-medina.com\/RESTO\/","logo":{"@type":"ImageObject","inLanguage":"en-US","@id":"https:\/\/osaveurs-medina.com\/RESTO\/#\/schema\/logo\/image\/","url":"https:\/\/osaveurs-medina.com\/RESTO\/wp-content\/uploads\/2020\/07\/cropped-logo_restaurant.PNG.png","contentUrl":"https:\/\/osaveurs-medina.com\/RESTO\/wp-content\/uploads\/2020\/07\/cropped-logo_restaurant.PNG.png","width":512,"height":512,"caption":"\u00d4 Saveurs de la M\u00e9dina"},"image":{"@id":"https:\/\/osaveurs-medina.com\/RESTO\/#\/schema\/logo\/image\/"}}]}},"_links":{"self":[{"href":"https:\/\/osaveurs-medina.com\/RESTO\/en\/wp-json\/wp\/v2\/pages\/2267","targetHints":{"allow":["GET"]}}],"collection":[{"href":"https:\/\/osaveurs-medina.com\/RESTO\/en\/wp-json\/wp\/v2\/pages"}],"about":[{"href":"https:\/\/osaveurs-medina.com\/RESTO\/en\/wp-json\/wp\/v2\/types\/page"}],"author":[{"embeddable":true,"href":"https:\/\/osaveurs-medina.com\/RESTO\/en\/wp-json\/wp\/v2\/users\/1"}],"replies":[{"embeddable":true,"href":"https:\/\/osaveurs-medina.com\/RESTO\/en\/wp-json\/wp\/v2\/comments?post=2267"}],"version-history":[{"count":0,"href":"https:\/\/osaveurs-medina.com\/RESTO\/en\/wp-json\/wp\/v2\/pages\/2267\/revisions"}],"wp:attachment":[{"href":"https:\/\/osaveurs-medina.com\/RESTO\/en\/wp-json\/wp\/v2\/media?parent=2267"}],"curies":[{"name":"wp","href":"https:\/\/api.w.org\/{rel}","templated":true}]}}