{"id":3516,"date":"2022-01-11T09:28:28","date_gmt":"2022-01-11T08:28:28","guid":{"rendered":"https:\/\/osaveurs-medina.com\/RESTO\/?post_type=product&#038;p=3516"},"modified":"2023-01-27T16:12:23","modified_gmt":"2023-01-27T15:12:23","slug":"un-samedi-ou-dimanche-au-riad-2","status":"publish","type":"product","link":"https:\/\/osaveurs-medina.com\/RESTO\/en\/produit\/un-samedi-ou-dimanche-au-riad-2\/","title":{"rendered":"A Saturday or Sunday at the Riad"},"content":{"rendered":"<p>A Saturday or Sunday at the Riad<\/p>\n","protected":false},"excerpt":{"rendered":"<p>A Saturday or Sunday at the Riad<\/p>\n","protected":false},"featured_media":0,"template":"","meta":[],"product_brand":[],"product_cat":[94],"product_tag":[],"class_list":{"0":"post-3516","1":"product","2":"type-product","3":"status-publish","5":"product_cat-journees-et-soirees-a-theme","6":"entry","7":"no-media","9":"first","10":"instock","11":"virtual","12":"taxable","13":"purchasable","14":"product-type-wcs_ticket"},"yoast_head":"<!-- This site is optimized with the Yoast SEO plugin v27.3 - https:\/\/yoast.com\/product\/yoast-seo-wordpress\/ -->\n<title>A Saturday or Sunday at the Riad<\/title>\n<meta name=\"description\" content=\"Journ\u00e9e Brunch et soins de beaut\u00e9 \u00e0 la Marocaine au Riad tous les Samedis ou Dimanches de 10 heures \u00e0 18 heures.\" \/>\n<meta name=\"robots\" content=\"index, follow, max-snippet:-1, max-image-preview:large, max-video-preview:-1\" \/>\n<link rel=\"canonical\" href=\"https:\/\/osaveurs-medina.com\/RESTO\/en\/produit\/un-samedi-ou-dimanche-au-riad-2\/\" \/>\n<meta property=\"og:locale\" content=\"en_US\" \/>\n<meta property=\"og:locale:alternate\" content=\"fr_FR\" \/>\n<meta property=\"og:type\" content=\"article\" \/>\n<meta property=\"og:title\" content=\"A Saturday or Sunday at the Riad\" \/>\n<meta property=\"og:description\" content=\"Journ\u00e9e Brunch et soins de beaut\u00e9 \u00e0 la Marocaine au Riad tous les Samedis ou Dimanches de 10 heures \u00e0 18 heures.\" \/>\n<meta property=\"og:url\" content=\"https:\/\/osaveurs-medina.com\/RESTO\/en\/produit\/un-samedi-ou-dimanche-au-riad-2\/\" \/>\n<meta property=\"og:site_name\" content=\"\u00d4 Flavors of the Medina\" \/>\n<meta property=\"article:modified_time\" content=\"2023-01-27T15:12:23+00:00\" \/>\n<meta name=\"twitter:card\" content=\"summary_large_image\" \/>\n<meta name=\"twitter:label1\" content=\"Est. reading time\" \/>\n\t<meta name=\"twitter:data1\" content=\"1 minute\" \/>\n<script type=\"application\/ld+json\" class=\"yoast-schema-graph\">{\"@context\":\"https:\\\/\\\/schema.org\",\"@graph\":[{\"@type\":\"WebPage\",\"@id\":\"https:\\\/\\\/osaveurs-medina.com\\\/RESTO\\\/produit\\\/un-samedi-ou-dimanche-au-riad-2\\\/\",\"url\":\"https:\\\/\\\/osaveurs-medina.com\\\/RESTO\\\/produit\\\/un-samedi-ou-dimanche-au-riad-2\\\/\",\"name\":\"A Saturday or Sunday at the Riad\",\"isPartOf\":{\"@id\":\"https:\\\/\\\/osaveurs-medina.com\\\/RESTO\\\/#website\"},\"datePublished\":\"2022-01-11T08:28:28+00:00\",\"dateModified\":\"2023-01-27T15:12:23+00:00\",\"description\":\"Journ\u00e9e Brunch et soins de beaut\u00e9 \u00e0 la Marocaine au Riad tous les Samedis ou Dimanches de 10 heures \u00e0 18 heures.\",\"breadcrumb\":{\"@id\":\"https:\\\/\\\/osaveurs-medina.com\\\/RESTO\\\/produit\\\/un-samedi-ou-dimanche-au-riad-2\\\/#breadcrumb\"},\"inLanguage\":\"en-US\",\"potentialAction\":[{\"@type\":\"ReadAction\",\"target\":[\"https:\\\/\\\/osaveurs-medina.com\\\/RESTO\\\/produit\\\/un-samedi-ou-dimanche-au-riad-2\\\/\"]}]},{\"@type\":\"BreadcrumbList\",\"@id\":\"https:\\\/\\\/osaveurs-medina.com\\\/RESTO\\\/produit\\\/un-samedi-ou-dimanche-au-riad-2\\\/#breadcrumb\",\"itemListElement\":[{\"@type\":\"ListItem\",\"position\":1,\"name\":\"Boutique\",\"item\":\"https:\\\/\\\/osaveurs-medina.com\\\/RESTO\\\/boutique\\\/\"},{\"@type\":\"ListItem\",\"position\":2,\"name\":\"D\u00eener St Valentin\"}]},{\"@type\":\"WebSite\",\"@id\":\"https:\\\/\\\/osaveurs-medina.com\\\/RESTO\\\/#website\",\"url\":\"https:\\\/\\\/osaveurs-medina.com\\\/RESTO\\\/\",\"name\":\"\u00d4 Flavors of the Medina\",\"description\":\"Your restaurant in Rabat Morocco\",\"publisher\":{\"@id\":\"https:\\\/\\\/osaveurs-medina.com\\\/RESTO\\\/#organization\"},\"potentialAction\":[{\"@type\":\"SearchAction\",\"target\":{\"@type\":\"EntryPoint\",\"urlTemplate\":\"https:\\\/\\\/osaveurs-medina.com\\\/RESTO\\\/?s={search_term_string}\"},\"query-input\":{\"@type\":\"PropertyValueSpecification\",\"valueRequired\":true,\"valueName\":\"search_term_string\"}}],\"inLanguage\":\"en-US\"},{\"@type\":\"Organization\",\"@id\":\"https:\\\/\\\/osaveurs-medina.com\\\/RESTO\\\/#organization\",\"name\":\"\u00d4 Saveurs de la M\u00e9dina\",\"url\":\"https:\\\/\\\/osaveurs-medina.com\\\/RESTO\\\/\",\"logo\":{\"@type\":\"ImageObject\",\"inLanguage\":\"en-US\",\"@id\":\"https:\\\/\\\/osaveurs-medina.com\\\/RESTO\\\/#\\\/schema\\\/logo\\\/image\\\/\",\"url\":\"https:\\\/\\\/osaveurs-medina.com\\\/RESTO\\\/wp-content\\\/uploads\\\/2020\\\/07\\\/cropped-logo_restaurant.PNG.png\",\"contentUrl\":\"https:\\\/\\\/osaveurs-medina.com\\\/RESTO\\\/wp-content\\\/uploads\\\/2020\\\/07\\\/cropped-logo_restaurant.PNG.png\",\"width\":512,\"height\":512,\"caption\":\"\u00d4 Saveurs de la M\u00e9dina\"},\"image\":{\"@id\":\"https:\\\/\\\/osaveurs-medina.com\\\/RESTO\\\/#\\\/schema\\\/logo\\\/image\\\/\"}}]}<\/script>\n<!-- \/ Yoast SEO plugin. -->","yoast_head_json":{"title":"A Saturday or Sunday at the Riad","description":"Journ\u00e9e Brunch et soins de beaut\u00e9 \u00e0 la Marocaine au Riad tous les Samedis ou Dimanches de 10 heures \u00e0 18 heures.","robots":{"index":"index","follow":"follow","max-snippet":"max-snippet:-1","max-image-preview":"max-image-preview:large","max-video-preview":"max-video-preview:-1"},"canonical":"https:\/\/osaveurs-medina.com\/RESTO\/en\/produit\/un-samedi-ou-dimanche-au-riad-2\/","og_locale":"en_US","og_type":"article","og_title":"[:fr]D\u00eener St Valentin[:en]A Saturday or Sunday at the Riad[:] - \u00d4 Flavors of the Medina","og_description":"Journ\u00e9e Brunch et soins de beaut\u00e9 \u00e0 la Marocaine au Riad tous les Samedis ou Dimanches de 10 heures \u00e0 18 heures.","og_url":"https:\/\/osaveurs-medina.com\/RESTO\/en\/produit\/un-samedi-ou-dimanche-au-riad-2\/","og_site_name":"\u00d4 Flavors of the Medina","article_modified_time":"2023-01-27T15:12:23+00:00","twitter_card":"summary_large_image","twitter_misc":{"Est. reading time":"1 minute"},"schema":{"@context":"https:\/\/schema.org","@graph":[{"@type":"WebPage","@id":"https:\/\/osaveurs-medina.com\/RESTO\/produit\/un-samedi-ou-dimanche-au-riad-2\/","url":"https:\/\/osaveurs-medina.com\/RESTO\/produit\/un-samedi-ou-dimanche-au-riad-2\/","name":"A Saturday or Sunday at the Riad","isPartOf":{"@id":"https:\/\/osaveurs-medina.com\/RESTO\/#website"},"datePublished":"2022-01-11T08:28:28+00:00","dateModified":"2023-01-27T15:12:23+00:00","description":"Journ\u00e9e Brunch et soins de beaut\u00e9 \u00e0 la Marocaine au Riad tous les Samedis ou Dimanches de 10 heures \u00e0 18 heures.","breadcrumb":{"@id":"https:\/\/osaveurs-medina.com\/RESTO\/produit\/un-samedi-ou-dimanche-au-riad-2\/#breadcrumb"},"inLanguage":"en-US","potentialAction":[{"@type":"ReadAction","target":["https:\/\/osaveurs-medina.com\/RESTO\/produit\/un-samedi-ou-dimanche-au-riad-2\/"]}]},{"@type":"BreadcrumbList","@id":"https:\/\/osaveurs-medina.com\/RESTO\/produit\/un-samedi-ou-dimanche-au-riad-2\/#breadcrumb","itemListElement":[{"@type":"ListItem","position":1,"name":"Boutique","item":"https:\/\/osaveurs-medina.com\/RESTO\/boutique\/"},{"@type":"ListItem","position":2,"name":"D\u00eener St Valentin"}]},{"@type":"WebSite","@id":"https:\/\/osaveurs-medina.com\/RESTO\/#website","url":"https:\/\/osaveurs-medina.com\/RESTO\/","name":"\u00d4 Flavors of the Medina","description":"Your restaurant in Rabat Morocco","publisher":{"@id":"https:\/\/osaveurs-medina.com\/RESTO\/#organization"},"potentialAction":[{"@type":"SearchAction","target":{"@type":"EntryPoint","urlTemplate":"https:\/\/osaveurs-medina.com\/RESTO\/?s={search_term_string}"},"query-input":{"@type":"PropertyValueSpecification","valueRequired":true,"valueName":"search_term_string"}}],"inLanguage":"en-US"},{"@type":"Organization","@id":"https:\/\/osaveurs-medina.com\/RESTO\/#organization","name":"\u00d4 Saveurs de la M\u00e9dina","url":"https:\/\/osaveurs-medina.com\/RESTO\/","logo":{"@type":"ImageObject","inLanguage":"en-US","@id":"https:\/\/osaveurs-medina.com\/RESTO\/#\/schema\/logo\/image\/","url":"https:\/\/osaveurs-medina.com\/RESTO\/wp-content\/uploads\/2020\/07\/cropped-logo_restaurant.PNG.png","contentUrl":"https:\/\/osaveurs-medina.com\/RESTO\/wp-content\/uploads\/2020\/07\/cropped-logo_restaurant.PNG.png","width":512,"height":512,"caption":"\u00d4 Saveurs de la M\u00e9dina"},"image":{"@id":"https:\/\/osaveurs-medina.com\/RESTO\/#\/schema\/logo\/image\/"}}]}},"_links":{"self":[{"href":"https:\/\/osaveurs-medina.com\/RESTO\/en\/wp-json\/wp\/v2\/product\/3516","targetHints":{"allow":["GET"]}}],"collection":[{"href":"https:\/\/osaveurs-medina.com\/RESTO\/en\/wp-json\/wp\/v2\/product"}],"about":[{"href":"https:\/\/osaveurs-medina.com\/RESTO\/en\/wp-json\/wp\/v2\/types\/product"}],"wp:attachment":[{"href":"https:\/\/osaveurs-medina.com\/RESTO\/en\/wp-json\/wp\/v2\/media?parent=3516"}],"wp:term":[{"taxonomy":"product_brand","embeddable":true,"href":"https:\/\/osaveurs-medina.com\/RESTO\/en\/wp-json\/wp\/v2\/product_brand?post=3516"},{"taxonomy":"product_cat","embeddable":true,"href":"https:\/\/osaveurs-medina.com\/RESTO\/en\/wp-json\/wp\/v2\/product_cat?post=3516"},{"taxonomy":"product_tag","embeddable":true,"href":"https:\/\/osaveurs-medina.com\/RESTO\/en\/wp-json\/wp\/v2\/product_tag?post=3516"}],"curies":[{"name":"wp","href":"https:\/\/api.w.org\/{rel}","templated":true}]}}