{"id":3896,"date":"2024-11-04T10:03:29","date_gmt":"2024-11-04T09:03:29","guid":{"rendered":"https:\/\/osaveurs-medina.com\/RESTO\/?post_type=product&#038;p=3896"},"modified":"2025-05-15T09:10:05","modified_gmt":"2025-05-15T08:10:05","slug":"couscous-vegetarien-au-7-legumes-choix-de-semoule-orge-ou-ble","status":"publish","type":"product","link":"https:\/\/osaveurs-medina.com\/RESTO\/en\/produit\/couscous-vegetarien-au-7-legumes-choix-de-semoule-orge-ou-ble\/","title":{"rendered":"Vegetarian Tajine"},"content":{"rendered":"","protected":false},"excerpt":{"rendered":"<p>Seasonal vegetables, potatoes, carrots, zucchini, tomatoes, peppers, onions, tomato concentrate, eggplant, olives, bunch of coriander, ginger, cinnamon, saffron, turmeric, olive oil.<\/p>\n","protected":false},"featured_media":0,"template":"","meta":[],"product_brand":[],"product_cat":[122,28,121,119,31,120],"product_tag":[],"class_list":{"0":"post-3896","1":"product","2":"type-product","3":"status-publish","5":"product_cat-cuisine-traditionnelle-marocaine-plats-automne","6":"product_cat-cuisine-traditionnelle-marocaine","7":"product_cat-cuisine-traditionnelle-marocaine-plats-ete","8":"product_cat-cuisine-traditionnelle-marocaine-plats-hivers","9":"product_cat-plats","10":"product_cat-cuisine-traditionnelle-marocaine-plats-printemps","11":"entry","12":"no-media","14":"first","15":"instock","16":"taxable","17":"shipping-taxable","18":"purchasable","19":"product-type-simple"},"yoast_head":"<!-- This site is optimized with the Yoast SEO plugin v27.3 - https:\/\/yoast.com\/product\/yoast-seo-wordpress\/ -->\n<title>Vegetarian Tajine<\/title>\n<meta name=\"robots\" content=\"index, follow, max-snippet:-1, max-image-preview:large, max-video-preview:-1\" \/>\n<link rel=\"canonical\" href=\"https:\/\/osaveurs-medina.com\/RESTO\/en\/produit\/couscous-vegetarien-au-7-legumes-choix-de-semoule-orge-ou-ble\/\" \/>\n<meta property=\"og:locale\" content=\"en_US\" \/>\n<meta property=\"og:locale:alternate\" content=\"fr_FR\" \/>\n<meta property=\"og:type\" content=\"article\" \/>\n<meta property=\"og:title\" content=\"Vegetarian Tajine\" \/>\n<meta property=\"og:description\" content=\"Seasonal vegetables, potatoes, carrots, zucchini, tomatoes, peppers, onions, tomato concentrate, eggplant, olives, bunch of coriander, ginger, cinnamon, saffron, turmeric, olive oil.\" \/>\n<meta property=\"og:url\" content=\"https:\/\/osaveurs-medina.com\/RESTO\/en\/produit\/couscous-vegetarien-au-7-legumes-choix-de-semoule-orge-ou-ble\/\" \/>\n<meta property=\"og:site_name\" content=\"\u00d4 Flavors of the Medina\" \/>\n<meta property=\"article:modified_time\" content=\"2025-05-15T08:10:05+00:00\" \/>\n<meta name=\"twitter:card\" content=\"summary_large_image\" \/>\n<script type=\"application\/ld+json\" class=\"yoast-schema-graph\">{\"@context\":\"https:\\\/\\\/schema.org\",\"@graph\":[{\"@type\":\"WebPage\",\"@id\":\"https:\\\/\\\/osaveurs-medina.com\\\/RESTO\\\/produit\\\/couscous-vegetarien-au-7-legumes-choix-de-semoule-orge-ou-ble\\\/\",\"url\":\"https:\\\/\\\/osaveurs-medina.com\\\/RESTO\\\/produit\\\/couscous-vegetarien-au-7-legumes-choix-de-semoule-orge-ou-ble\\\/\",\"name\":\"Vegetarian Tajine\",\"isPartOf\":{\"@id\":\"https:\\\/\\\/osaveurs-medina.com\\\/RESTO\\\/#website\"},\"datePublished\":\"2024-11-04T09:03:29+00:00\",\"dateModified\":\"2025-05-15T08:10:05+00:00\",\"breadcrumb\":{\"@id\":\"https:\\\/\\\/osaveurs-medina.com\\\/RESTO\\\/produit\\\/couscous-vegetarien-au-7-legumes-choix-de-semoule-orge-ou-ble\\\/#breadcrumb\"},\"inLanguage\":\"en-US\",\"potentialAction\":[{\"@type\":\"ReadAction\",\"target\":[\"https:\\\/\\\/osaveurs-medina.com\\\/RESTO\\\/produit\\\/couscous-vegetarien-au-7-legumes-choix-de-semoule-orge-ou-ble\\\/\"]}]},{\"@type\":\"BreadcrumbList\",\"@id\":\"https:\\\/\\\/osaveurs-medina.com\\\/RESTO\\\/produit\\\/couscous-vegetarien-au-7-legumes-choix-de-semoule-orge-ou-ble\\\/#breadcrumb\",\"itemListElement\":[{\"@type\":\"ListItem\",\"position\":1,\"name\":\"Boutique\",\"item\":\"https:\\\/\\\/osaveurs-medina.com\\\/RESTO\\\/boutique\\\/\"},{\"@type\":\"ListItem\",\"position\":2,\"name\":\"Tajine v\u00e9g\u00e9tarien\"}]},{\"@type\":\"WebSite\",\"@id\":\"https:\\\/\\\/osaveurs-medina.com\\\/RESTO\\\/#website\",\"url\":\"https:\\\/\\\/osaveurs-medina.com\\\/RESTO\\\/\",\"name\":\"\u00d4 Flavors of the Medina\",\"description\":\"Your restaurant in Rabat Morocco\",\"publisher\":{\"@id\":\"https:\\\/\\\/osaveurs-medina.com\\\/RESTO\\\/#organization\"},\"potentialAction\":[{\"@type\":\"SearchAction\",\"target\":{\"@type\":\"EntryPoint\",\"urlTemplate\":\"https:\\\/\\\/osaveurs-medina.com\\\/RESTO\\\/?s={search_term_string}\"},\"query-input\":{\"@type\":\"PropertyValueSpecification\",\"valueRequired\":true,\"valueName\":\"search_term_string\"}}],\"inLanguage\":\"en-US\"},{\"@type\":\"Organization\",\"@id\":\"https:\\\/\\\/osaveurs-medina.com\\\/RESTO\\\/#organization\",\"name\":\"\u00d4 Saveurs de la M\u00e9dina\",\"url\":\"https:\\\/\\\/osaveurs-medina.com\\\/RESTO\\\/\",\"logo\":{\"@type\":\"ImageObject\",\"inLanguage\":\"en-US\",\"@id\":\"https:\\\/\\\/osaveurs-medina.com\\\/RESTO\\\/#\\\/schema\\\/logo\\\/image\\\/\",\"url\":\"https:\\\/\\\/osaveurs-medina.com\\\/RESTO\\\/wp-content\\\/uploads\\\/2020\\\/07\\\/cropped-logo_restaurant.PNG.png\",\"contentUrl\":\"https:\\\/\\\/osaveurs-medina.com\\\/RESTO\\\/wp-content\\\/uploads\\\/2020\\\/07\\\/cropped-logo_restaurant.PNG.png\",\"width\":512,\"height\":512,\"caption\":\"\u00d4 Saveurs de la M\u00e9dina\"},\"image\":{\"@id\":\"https:\\\/\\\/osaveurs-medina.com\\\/RESTO\\\/#\\\/schema\\\/logo\\\/image\\\/\"}}]}<\/script>\n<!-- \/ Yoast SEO plugin. -->","yoast_head_json":{"title":"Vegetarian Tajine","robots":{"index":"index","follow":"follow","max-snippet":"max-snippet:-1","max-image-preview":"max-image-preview:large","max-video-preview":"max-video-preview:-1"},"canonical":"https:\/\/osaveurs-medina.com\/RESTO\/en\/produit\/couscous-vegetarien-au-7-legumes-choix-de-semoule-orge-ou-ble\/","og_locale":"en_US","og_type":"article","og_title":"[:fr]Tajine v\u00e9g\u00e9tarien[:en]Vegetarian Tajine[:] - \u00d4 Flavors of the Medina","og_description":"Seasonal vegetables, potatoes, carrots, zucchini, tomatoes, peppers, onions, tomato concentrate, eggplant, olives, bunch of coriander, ginger, cinnamon, saffron, turmeric, olive oil.","og_url":"https:\/\/osaveurs-medina.com\/RESTO\/en\/produit\/couscous-vegetarien-au-7-legumes-choix-de-semoule-orge-ou-ble\/","og_site_name":"\u00d4 Flavors of the Medina","article_modified_time":"2025-05-15T08:10:05+00:00","twitter_card":"summary_large_image","schema":{"@context":"https:\/\/schema.org","@graph":[{"@type":"WebPage","@id":"https:\/\/osaveurs-medina.com\/RESTO\/produit\/couscous-vegetarien-au-7-legumes-choix-de-semoule-orge-ou-ble\/","url":"https:\/\/osaveurs-medina.com\/RESTO\/produit\/couscous-vegetarien-au-7-legumes-choix-de-semoule-orge-ou-ble\/","name":"Vegetarian Tajine","isPartOf":{"@id":"https:\/\/osaveurs-medina.com\/RESTO\/#website"},"datePublished":"2024-11-04T09:03:29+00:00","dateModified":"2025-05-15T08:10:05+00:00","breadcrumb":{"@id":"https:\/\/osaveurs-medina.com\/RESTO\/produit\/couscous-vegetarien-au-7-legumes-choix-de-semoule-orge-ou-ble\/#breadcrumb"},"inLanguage":"en-US","potentialAction":[{"@type":"ReadAction","target":["https:\/\/osaveurs-medina.com\/RESTO\/produit\/couscous-vegetarien-au-7-legumes-choix-de-semoule-orge-ou-ble\/"]}]},{"@type":"BreadcrumbList","@id":"https:\/\/osaveurs-medina.com\/RESTO\/produit\/couscous-vegetarien-au-7-legumes-choix-de-semoule-orge-ou-ble\/#breadcrumb","itemListElement":[{"@type":"ListItem","position":1,"name":"Boutique","item":"https:\/\/osaveurs-medina.com\/RESTO\/boutique\/"},{"@type":"ListItem","position":2,"name":"Tajine v\u00e9g\u00e9tarien"}]},{"@type":"WebSite","@id":"https:\/\/osaveurs-medina.com\/RESTO\/#website","url":"https:\/\/osaveurs-medina.com\/RESTO\/","name":"\u00d4 Flavors of the Medina","description":"Your restaurant in Rabat Morocco","publisher":{"@id":"https:\/\/osaveurs-medina.com\/RESTO\/#organization"},"potentialAction":[{"@type":"SearchAction","target":{"@type":"EntryPoint","urlTemplate":"https:\/\/osaveurs-medina.com\/RESTO\/?s={search_term_string}"},"query-input":{"@type":"PropertyValueSpecification","valueRequired":true,"valueName":"search_term_string"}}],"inLanguage":"en-US"},{"@type":"Organization","@id":"https:\/\/osaveurs-medina.com\/RESTO\/#organization","name":"\u00d4 Saveurs de la M\u00e9dina","url":"https:\/\/osaveurs-medina.com\/RESTO\/","logo":{"@type":"ImageObject","inLanguage":"en-US","@id":"https:\/\/osaveurs-medina.com\/RESTO\/#\/schema\/logo\/image\/","url":"https:\/\/osaveurs-medina.com\/RESTO\/wp-content\/uploads\/2020\/07\/cropped-logo_restaurant.PNG.png","contentUrl":"https:\/\/osaveurs-medina.com\/RESTO\/wp-content\/uploads\/2020\/07\/cropped-logo_restaurant.PNG.png","width":512,"height":512,"caption":"\u00d4 Saveurs de la M\u00e9dina"},"image":{"@id":"https:\/\/osaveurs-medina.com\/RESTO\/#\/schema\/logo\/image\/"}}]}},"_links":{"self":[{"href":"https:\/\/osaveurs-medina.com\/RESTO\/en\/wp-json\/wp\/v2\/product\/3896","targetHints":{"allow":["GET"]}}],"collection":[{"href":"https:\/\/osaveurs-medina.com\/RESTO\/en\/wp-json\/wp\/v2\/product"}],"about":[{"href":"https:\/\/osaveurs-medina.com\/RESTO\/en\/wp-json\/wp\/v2\/types\/product"}],"wp:attachment":[{"href":"https:\/\/osaveurs-medina.com\/RESTO\/en\/wp-json\/wp\/v2\/media?parent=3896"}],"wp:term":[{"taxonomy":"product_brand","embeddable":true,"href":"https:\/\/osaveurs-medina.com\/RESTO\/en\/wp-json\/wp\/v2\/product_brand?post=3896"},{"taxonomy":"product_cat","embeddable":true,"href":"https:\/\/osaveurs-medina.com\/RESTO\/en\/wp-json\/wp\/v2\/product_cat?post=3896"},{"taxonomy":"product_tag","embeddable":true,"href":"https:\/\/osaveurs-medina.com\/RESTO\/en\/wp-json\/wp\/v2\/product_tag?post=3896"}],"curies":[{"name":"wp","href":"https:\/\/api.w.org\/{rel}","templated":true}]}}