{"id":15,"date":"2020-03-19T06:39:04","date_gmt":"2020-03-19T05:39:04","guid":{"rendered":"http:\/\/ww.restorevolution.net\/?page_id=15"},"modified":"2026-02-11T12:06:55","modified_gmt":"2026-02-11T11:06:55","slug":"a-propos","status":"publish","type":"page","link":"https:\/\/osaveurs-medina.com\/RESTO\/a-propos\/","title":{"rendered":"\u00c0 propos"},"content":{"rendered":"<div class=\"wpb-content-wrapper\">[vc_row][vc_column width=\u00a0\u00bb1\/12&Prime;][\/vc_column][vc_column width=\u00a0\u00bb5\/6&Prime;][vc_row_inner][vc_column_inner]<h4 class=\"vcex-heading vcex-heading-plain vcex-module wpex-heading wpex-text-2xl wpex-text-center\"><span class=\"vcex-heading-inner wpex-inline-block\">NOTRE RESTAURANT<\/span><\/h4><div class=\"vcex-spacing wpex-w-100 wpex-clear\" style=\"height:50px;\"><\/div>[vc_column_text font_size=\u00a0\u00bb22px\u00a0\u00bb]\n<p style=\"text-align: center;\"><span style=\"font-size: 16px;\">Notre restaurant \u00d4 Saveurs de la M\u00e9dina vous accueillera dans la plus pure tradition Marocaine sur la terrasse du toit ou dans un des salons du patio autour de la piscine. Notre Chef est pass\u00e9 ma\u00eetre dans la composition de recettes et en constante recherche d\u2019innovation. Il vous r\u00e9galera de plats traditionnels ou revisit\u00e9s \u00e0 sa mani\u00e8re afin de contribuer \u00e0 faire rena\u00eetre ce gout ultime pour un raffinement culinaire et un plaisir gustatif d\u2019exception. Parfums et \u00e9pices, herbes et saveurs subtiles, exotisme et culture des sens, \u2026<\/span><\/p>\n<p style=\"text-align: center;\"><span style=\"font-size: 16px;\">Depuis la terrasse du toit, sous les \u00e9toiles, les monuments de Rabat illumineront vos d\u00eeners en Amoureux ou avec vos amis. Il se peut que certains soirs un joueur de Luth vienne d\u00e9poser une touche finale dans ce moment sublime qui restera grav\u00e9 dans votre m\u00e9moire<\/span><\/p>\n[\/vc_column_text][\/vc_column_inner][\/vc_row_inner]<style>.vcex-image-grid.vcex_69dd0616c454b{--wpex-row-gap:0;}<\/style><div class=\"vcex-image-grid-wrap\"><div class=\"vcex-module vcex-image-grid grid-style-default wpex-row wpex-clr vcex_69dd0616c454b\"><div class=\"id-3433 vcex-image-grid-entry vcex-grid-item wpex-text-center span_1_of_2 col col-1\"><figure class=\"vcex-image-grid-entry-figure wpex-last-mb-0 wpex-clr\"><div class=\"vcex-image-grid-entry-img entry-media wpex-relative wpex-mb-20\"><img loading=\"lazy\" class=\"wpex-align-middle\" decoding=\"async\" src=\"https:\/\/osaveurs-medina.com\/RESTO\/wp-content\/uploads\/2021\/05\/Chef-couscous-450x300.jpg\" alt=\"\" width=\"450\" height=\"300\"><\/div><\/figure><\/div><div class=\"id-1795 vcex-image-grid-entry vcex-grid-item wpex-text-center span_1_of_2 col col-2\"><figure class=\"vcex-image-grid-entry-figure wpex-last-mb-0 wpex-clr\"><div class=\"vcex-image-grid-entry-img entry-media wpex-relative wpex-mb-20\"><img loading=\"lazy\" class=\"wpex-align-middle\" decoding=\"async\" src=\"https:\/\/osaveurs-medina.com\/RESTO\/wp-content\/uploads\/2020\/07\/Apeopos-notre-histoire1-450x300.jpg\" alt=\"\" srcset=\"https:\/\/osaveurs-medina.com\/RESTO\/wp-content\/uploads\/2020\/07\/Apeopos-notre-histoire1-450x300.jpg 450w, https:\/\/osaveurs-medina.com\/RESTO\/wp-content\/uploads\/2020\/07\/Apeopos-notre-histoire1-300x199.jpg 300w, https:\/\/osaveurs-medina.com\/RESTO\/wp-content\/uploads\/2020\/07\/Apeopos-notre-histoire1-200x132.jpg 200w\" width=\"450\" height=\"300\"><\/div><\/figure><\/div><div class=\"id-1798 vcex-image-grid-entry vcex-grid-item wpex-text-center span_1_of_2 col col-1\"><figure class=\"vcex-image-grid-entry-figure wpex-last-mb-0 wpex-clr\"><div class=\"vcex-image-grid-entry-img entry-media wpex-relative wpex-mb-20\"><img loading=\"lazy\" class=\"wpex-align-middle\" decoding=\"async\" src=\"https:\/\/osaveurs-medina.com\/RESTO\/wp-content\/uploads\/2020\/07\/A-propos-notre-histoire4-scaled-450x300.jpg\" alt=\"\" width=\"450\" height=\"300\"><\/div><\/figure><\/div><div class=\"id-1797 vcex-image-grid-entry vcex-grid-item wpex-text-center span_1_of_2 col col-2\"><figure class=\"vcex-image-grid-entry-figure wpex-last-mb-0 wpex-clr\"><div class=\"vcex-image-grid-entry-img entry-media wpex-relative wpex-mb-20\"><img loading=\"lazy\" class=\"wpex-align-middle\" decoding=\"async\" src=\"https:\/\/osaveurs-medina.com\/RESTO\/wp-content\/uploads\/2020\/07\/A-propos-notre-histoire3-450x300.jpg\" alt=\"\" width=\"450\" height=\"300\"><\/div><\/figure><\/div><\/div><\/div>[\/vc_column][vc_column width=\u00a0\u00bb1\/12&Prime;][\/vc_column][\/vc_row][vc_row][vc_column width=\u00a0\u00bb1\/12&Prime;][\/vc_column][vc_column width=\u00a0\u00bb5\/6&Prime;][vc_row_inner][vc_column_inner]<style>.vcex-heading.vcex_69dd0616cd57e{color:#1d2c3b;font-size:16px;font-family:Montserrat;font-weight:400;}<\/style><h4 class=\"vcex-heading vcex-heading-plain vcex-module wpex-heading wpex-text-2xl wpex-text-center vcex_69dd0616cd57e\"><span class=\"vcex-heading-inner wpex-inline-block\">NOTRE AMBITION<\/span><\/h4><div class=\"vcex-spacing wpex-w-100 wpex-clear\"><\/div>[vc_column_text font_size=\u00a0\u00bb22px\u00a0\u00bb]\n<p style=\"text-align: center;\"><span style=\"font-size: 16px;\">Nous sommes heureux si vous l&rsquo;\u00eates! Notre premier objectif est que vous soyez satisfait de votre exp\u00e9rience chez nous. La qualit\u00e9 de nos services sont les ma\u00eetres mots pour nos collaborateurs et pour nous-m\u00eames. Que ce soit l&rsquo;accueil, la qualit\u00e9 des plats, l&rsquo;ambiance, le suivi de la prestation jusqu&rsquo;\u00e0 votre d\u00e9part, nous ferons de notre mieux pour vous satisfaire en tous points. Aussi, nous sommes \u00e0 l&rsquo;\u00e9coute de vos commentaires et suggestions afin de nous am\u00e9liorer pour votre prochaine visite. Enfin nous nous efforcerons de construire avec vous une relation de confiance que nous appr\u00e9cierons \u00e0 sa juste valeur qui vous permettra de nous recommander \u00e0 vos amis et vos proches.<\/span><\/p>\n[\/vc_column_text][\/vc_column_inner][\/vc_row_inner][\/vc_column][vc_column width=\u00a0\u00bb1\/12&Prime;][\/vc_column][\/vc_row][vc_row full_width=\u00a0\u00bbstretch_row\u00a0\u00bb remove_bottom_col_margin=\u00a0\u00bbtrue\u00a0\u00bb css=\u00a0\u00bb.vc_custom_1593845755907{background-color: #f3f9fd !important;}\u00a0\u00bb][vc_column width=\u00a0\u00bb1\/12&Prime;][\/vc_column][vc_column width=\u00a0\u00bb5\/6&Prime;][vc_row_inner equal_height=\u00a0\u00bbyes\u00a0\u00bb remove_bottom_col_margin=\u00a0\u00bbtrue\u00a0\u00bb][vc_column_inner el_class=\u00a0\u00bbabout-col-text\u00a0\u00bb width=\u00a0\u00bb1\/2&Prime; css=\u00a0\u00bb.vc_custom_1584621995177{background-color: #1D2C3B !important;}\u00a0\u00bb]<style>.vcex-heading.vcex_69dd0616cf6e4{color:#ffffff;font-size:16px;font-family:Montserrat;font-weight:400;}<\/style><h4 class=\"vcex-heading vcex-heading-plain vcex-module wpex-heading wpex-text-2xl wpex-text-center vcex_69dd0616cf6e4\"><span class=\"vcex-heading-inner wpex-inline-block\">UNE CUISINE INSTINCTIVE<\/span><\/h4><div class=\"vcex-spacing wpex-w-100 wpex-clear\" style=\"height:15px;\"><\/div>[vc_column_text font_size=\u00a0\u00bb22px\u00a0\u00bb color=\u00a0\u00bb#ffffff\u00a0\u00bb]\n<p style=\"text-align: center;\"><span style=\"font-size: 16px;\">Nous proposons une cuisine marocaine de qualit\u00e9 et des plats traditionnels que nous aimons parfois revisiter et moderniser dans leur contenu et leur pr\u00e9sentation. Nous voulons vous surprendre avec des dressages et des go\u00fbts inattendus. Lors de nos soir\u00e9es \u00e0 th\u00e8me vous d\u00e9couvrirez quelques plats de cuisines internationales<\/span><\/p>\n[\/vc_column_text][\/vc_column_inner][vc_column_inner width=\u00a0\u00bb1\/2&Prime; css=\u00a0\u00bb.vc_custom_1594902132539{background-image: url(https:\/\/osaveurs-medina.com\/RESTO\/wp-content\/uploads\/2020\/07\/A-propos-cuisine-instinctive.jpg?id=1799) !important;background-position: center !important;background-repeat: no-repeat !important;background-size: cover !important;}\u00a0\u00bb]<figure class=\"vcex-image vcex-module visible-phone\"><div class=\"vcex-image-inner wpex-relative wpex-inline-block\"><img loading=\"lazy\" class=\"vcex-image-img wpex-align-middle\" decoding=\"async\" src=\"https:\/\/osaveurs-medina.com\/RESTO\/wp-content\/uploads\/2020\/07\/A-propos-cuisine-instinctive-550x640.jpg\" alt=\"\" width=\"550\" height=\"640\"><\/div><\/figure>[\/vc_column_inner][\/vc_row_inner][vc_row_inner equal_height=\u00a0\u00bbyes\u00a0\u00bb remove_bottom_col_margin=\u00a0\u00bbtrue\u00a0\u00bb columns_right=\u00a0\u00bbyes\u00a0\u00bb css=\u00a0\u00bb.vc_custom_1591873044081{padding-right: 0px !important;padding-left: 0px !important;}\u00a0\u00bb el_class=\u00a0\u00bbcolumn-last\u00a0\u00bb][vc_column_inner el_class=\u00a0\u00bbabout-col-text\u00a0\u00bb width=\u00a0\u00bb1\/2&Prime; css=\u00a0\u00bb.vc_custom_1594902328499{background-color: #f2f0ef !important;}\u00a0\u00bb]<style>.vcex-heading.vcex_69dd0616d5469{color:#1d2c3b;font-size:16px;font-family:Montserrat;font-weight:400;}<\/style><h4 class=\"vcex-heading vcex-heading-plain vcex-module wpex-heading wpex-text-2xl wpex-text-center vcex_69dd0616d5469\"><span class=\"vcex-heading-inner wpex-inline-block\">SAISONNALIT\u00c9<\/span><\/h4><div class=\"vcex-spacing wpex-w-100 wpex-clear\" style=\"height:15px;\"><\/div>[vc_column_text font_size=\u00a0\u00bb22px\u00a0\u00bb color=\u00a0\u00bb#333333&Prime;]\n<p style=\"text-align: center;\"><span style=\"font-size: 16px;\">Tous nos plats sont \u00e9labor\u00e9s avec des l\u00e9gumes provenant du march\u00e9 de Sal\u00e9 M\u00e9dina.<\/span><\/p>\n[\/vc_column_text][\/vc_column_inner][vc_column_inner width=\u00a0\u00bb1\/2&Prime; css=\u00a0\u00bb.vc_custom_1595419597797{background-image: url(https:\/\/osaveurs-medina.com\/RESTO\/wp-content\/uploads\/2020\/07\/WhatsApp-Image-2020-07-19-at-11.28.26.jpeg?id=2012) !important;background-position: center !important;background-repeat: no-repeat !important;background-size: cover !important;}\u00a0\u00bb]<figure class=\"vcex-image vcex-module visible-phone\"><div class=\"vcex-image-inner wpex-relative wpex-inline-block vc_custom_1598450347512\"><img loading=\"lazy\" class=\"vcex-image-img wpex-align-middle\" decoding=\"async\" src=\"https:\/\/osaveurs-medina.com\/RESTO\/wp-content\/uploads\/2020\/08\/Cuisine_saine_et_cre\u0301ative.png\" alt=\"\" srcset=\"https:\/\/osaveurs-medina.com\/RESTO\/wp-content\/uploads\/2020\/08\/Cuisine_saine_et_cre\u0301ative.png 206w, https:\/\/osaveurs-medina.com\/RESTO\/wp-content\/uploads\/2020\/08\/Cuisine_saine_et_cre\u0301ative-200x150.png 200w\" width=\"206\" height=\"154\"><\/div><\/figure>[\/vc_column_inner][\/vc_row_inner][\/vc_column][vc_column width=\u00a0\u00bb1\/12&Prime;][\/vc_column][\/vc_row][vc_row][vc_column width=\u00a0\u00bb1\/12&Prime;][\/vc_column][vc_column width=\u00a0\u00bb5\/6&Prime;][vc_row_inner][vc_column_inner]<div class=\"vcex-spacing wpex-w-100 wpex-clear\" style=\"height:50px;\"><\/div><style>.vcex-heading.vcex_69dd0616d9990{color:#1d2c3b;font-size:16px;font-family:Montserrat;font-weight:400;}<\/style><h4 class=\"vcex-heading vcex-heading-plain vcex-module wpex-heading wpex-text-2xl wpex-text-center vcex_69dd0616d9990\"><span class=\"vcex-heading-inner wpex-inline-block\">DES PRODUITS EXCEPTIONNELS<\/span><\/h4><div class=\"vcex-spacing wpex-w-100 wpex-clear\" style=\"height:50px;\"><\/div>[vc_column_text font_size=\u00a0\u00bb22px\u00a0\u00bb]\n<p style=\"text-align: center;\"><span style=\"font-size: 16px;\">De la soupe Harira marocaine au couscous traditionnel ou revisit\u00e9 en passant par un dessert marocain compos\u00e9 d&rsquo;une galette \u00ab\u00a0mille trous\u00a0\u00bb au miel d&rsquo;un producteur local et de confitures maison, tous nos plats sont \u00e0 base de produits du march\u00e9 local ou de la m\u00e9dina.<\/span><\/p>\n[\/vc_column_text][\/vc_column_inner][\/vc_row_inner]<style>.vcex-image-grid.vcex_69dd0616db022{--wpex-row-gap:0;}<\/style><div class=\"vcex-image-grid-wrap\"><div class=\"vcex-module vcex-image-grid grid-style-default wpex-row wpex-clr vcex_69dd0616db022\"><div class=\"id-3100 vcex-image-grid-entry vcex-grid-item wpex-text-center span_1_of_2 col col-1\"><figure class=\"vcex-image-grid-entry-figure wpex-last-mb-0 wpex-clr\"><div class=\"vcex-image-grid-entry-img entry-media wpex-relative wpex-mb-20\"><img loading=\"lazy\" class=\"wpex-align-middle\" decoding=\"async\" src=\"https:\/\/osaveurs-medina.com\/RESTO\/wp-content\/uploads\/2021\/03\/20210217_133702-1-scaled-450x300.jpg\" alt=\"\" width=\"450\" height=\"300\"><\/div><\/figure><\/div><div class=\"id-3109 vcex-image-grid-entry vcex-grid-item wpex-text-center span_1_of_2 col col-2\"><figure class=\"vcex-image-grid-entry-figure wpex-last-mb-0 wpex-clr\"><div class=\"vcex-image-grid-entry-img entry-media wpex-relative wpex-mb-20\"><img loading=\"lazy\" class=\"wpex-align-middle\" decoding=\"async\" src=\"https:\/\/osaveurs-medina.com\/RESTO\/wp-content\/uploads\/2021\/03\/boeuf-bourguignon-1-450x300.jpeg\" alt=\"\" width=\"450\" height=\"300\"><\/div><\/figure><\/div><div class=\"id-3110 vcex-image-grid-entry vcex-grid-item wpex-text-center span_1_of_2 col col-1\"><figure class=\"vcex-image-grid-entry-figure wpex-last-mb-0 wpex-clr\"><div class=\"vcex-image-grid-entry-img entry-media wpex-relative wpex-mb-20\"><img loading=\"lazy\" class=\"wpex-align-middle\" decoding=\"async\" src=\"https:\/\/osaveurs-medina.com\/RESTO\/wp-content\/uploads\/2021\/03\/20210119_175556-1-scaled-450x300.jpg\" alt=\"\" width=\"450\" height=\"300\"><\/div><\/figure><\/div><div class=\"id-1787 vcex-image-grid-entry vcex-grid-item wpex-text-center span_1_of_2 col col-2\"><figure class=\"vcex-image-grid-entry-figure wpex-last-mb-0 wpex-clr\"><div class=\"vcex-image-grid-entry-img entry-media wpex-relative wpex-mb-20\"><img loading=\"lazy\" class=\"wpex-align-middle\" decoding=\"async\" src=\"https:\/\/osaveurs-medina.com\/RESTO\/wp-content\/uploads\/2020\/07\/Menu-Plats-450x300.jpg\" alt=\"\" width=\"450\" height=\"300\"><\/div><\/figure><\/div><\/div><\/div>[\/vc_column][vc_column width=\u00a0\u00bb1\/12&Prime;][\/vc_column][\/vc_row][vc_row][vc_column width=\u00a0\u00bb1\/12&Prime;][\/vc_column][vc_column width=\u00a0\u00bb5\/6&Prime;][vc_row_inner][vc_column_inner]<h4 class=\"vcex-heading vcex-heading-plain vcex-module wpex-heading wpex-text-2xl wpex-text-center\"><span class=\"vcex-heading-inner wpex-inline-block\">UNE ATMOSPH\u00c8RE CHALEUREUSE<\/span><\/h4><div class=\"vcex-spacing wpex-w-100 wpex-clear\"><\/div>[vc_column_text font_size=\u00a0\u00bb22px\u00a0\u00bb]\n<p style=\"text-align: center;\"><span style=\"font-size: 16px;\">Vous pourrez profiter de vos repas avec un peu de musique de fond traditionnelle et parfois plus moderne. Au moins une fois par semaine, un musicien traditionnel ou les propri\u00e9taires vous joueront leurs morceaux s\u00e9lectionn\u00e9s.<\/span><\/p>\n[\/vc_column_text][\/vc_column_inner][\/vc_row_inner]<figure class=\"vcex-image vcex-module wpex-text-center\"><div class=\"vcex-image-inner wpex-relative wpex-inline-block\"><img loading=\"lazy\" class=\"vcex-image-img wpex-align-middle\" decoding=\"async\" src=\"https:\/\/osaveurs-medina.com\/RESTO\/wp-content\/uploads\/2020\/07\/A-propos-notre-histoire2-400x300.jpg\" alt=\"\" width=\"400\" height=\"300\"><\/div><\/figure>[\/vc_column][vc_column width=\u00a0\u00bb1\/12&Prime;][\/vc_column][\/vc_row]\n<\/div>","protected":false},"excerpt":{"rendered":"<p>[vc_row][vc_column width=\u00a0\u00bb1\/12&Prime;][\/vc_column][vc_column width=\u00a0\u00bb5\/6&Prime;][vc_row_inner][vc_column_inner][vc_column_text font_size=\u00a0\u00bb22px\u00a0\u00bb] Notre restaurant \u00d4 Saveurs de la M\u00e9dina vous accueillera dans la plus pure tradition Marocaine sur la terrasse du toit ou dans un des salons du patio autour de la piscine. Notre Chef est pass\u00e9 ma\u00eetre dans la composition de recettes et en constante recherche d\u2019innovation. Il vous r\u00e9galera de plats&hellip;<\/p>\n","protected":false},"author":1,"featured_media":0,"parent":0,"menu_order":0,"comment_status":"closed","ping_status":"closed","template":"","meta":{"footnotes":""},"class_list":["post-15","page","type-page","status-publish","hentry","entry","no-media"],"yoast_head":"<!-- This site is optimized with the Yoast SEO plugin v27.3 - https:\/\/yoast.com\/product\/yoast-seo-wordpress\/ -->\n<title>\u00c0 propos<\/title>\n<meta name=\"robots\" content=\"index, follow, max-snippet:-1, max-image-preview:large, max-video-preview:-1\" \/>\n<link rel=\"canonical\" href=\"https:\/\/osaveurs-medina.com\/RESTO\/a-propos\/\" \/>\n<meta property=\"og:locale\" content=\"fr_FR\" \/>\n<meta property=\"og:locale:alternate\" content=\"en_US\" \/>\n<meta property=\"og:type\" content=\"article\" \/>\n<meta property=\"og:title\" content=\"\u00c0 propos\" \/>\n<meta property=\"og:description\" content=\"[vc_row][vc_column width=\u00a0\u00bb1\/12&Prime;][\/vc_column][vc_column width=\u00a0\u00bb5\/6&Prime;][vc_row_inner][vc_column_inner][vc_column_text font_size=\u00a0\u00bb22px\u00a0\u00bb] Notre restaurant \u00d4 Saveurs de la M\u00e9dina vous accueillera dans la plus pure tradition Marocaine sur la terrasse du toit ou dans un des salons du patio autour de la piscine. Notre Chef est pass\u00e9 ma\u00eetre dans la composition de recettes et en constante recherche d\u2019innovation. Il vous r\u00e9galera de plats&hellip;\" \/>\n<meta property=\"og:url\" content=\"https:\/\/osaveurs-medina.com\/RESTO\/commander-ete\/menu-plats\/\" \/>\n<meta property=\"og:site_name\" content=\"\u00d4 Saveurs de la Medina\" \/>\n<meta property=\"article:modified_time\" content=\"2026-02-11T11:06:55+00:00\" \/>\n<meta name=\"twitter:card\" content=\"summary_large_image\" \/>\n<meta name=\"twitter:label1\" content=\"Dur\u00e9e de lecture estim\u00e9e\" \/>\n\t<meta name=\"twitter:data1\" content=\"3 minutes\" \/>\n<script type=\"application\/ld+json\" class=\"yoast-schema-graph\">{\"@context\":\"https:\\\/\\\/schema.org\",\"@graph\":[{\"@type\":\"WebPage\",\"@id\":\"https:\\\/\\\/osaveurs-medina.com\\\/RESTO\\\/a-propos\\\/\",\"url\":\"https:\\\/\\\/osaveurs-medina.com\\\/RESTO\\\/a-propos\\\/\",\"name\":\"\u00c0 propos\",\"isPartOf\":{\"@id\":\"https:\\\/\\\/osaveurs-medina.com\\\/RESTO\\\/#website\"},\"datePublished\":\"2020-03-19T05:39:04+00:00\",\"dateModified\":\"2026-02-11T11:06:55+00:00\",\"breadcrumb\":{\"@id\":\"https:\\\/\\\/osaveurs-medina.com\\\/RESTO\\\/a-propos\\\/#breadcrumb\"},\"inLanguage\":\"fr-FR\",\"potentialAction\":[{\"@type\":\"ReadAction\",\"target\":[\"https:\\\/\\\/osaveurs-medina.com\\\/RESTO\\\/a-propos\\\/\"]}]},{\"@type\":\"BreadcrumbList\",\"@id\":\"https:\\\/\\\/osaveurs-medina.com\\\/RESTO\\\/a-propos\\\/#breadcrumb\",\"itemListElement\":[{\"@type\":\"ListItem\",\"position\":1,\"name\":\"Accueil\",\"item\":\"https:\\\/\\\/osaveurs-medina.com\\\/RESTO\\\/\"},{\"@type\":\"ListItem\",\"position\":2,\"name\":\"\u00c0 propos\"}]},{\"@type\":\"WebSite\",\"@id\":\"https:\\\/\\\/osaveurs-medina.com\\\/RESTO\\\/#website\",\"url\":\"https:\\\/\\\/osaveurs-medina.com\\\/RESTO\\\/\",\"name\":\"\u00d4 Saveurs de la Medina\",\"description\":\"Votre restaurant \u00e0 Rabat Maroc\",\"publisher\":{\"@id\":\"https:\\\/\\\/osaveurs-medina.com\\\/RESTO\\\/#organization\"},\"potentialAction\":[{\"@type\":\"SearchAction\",\"target\":{\"@type\":\"EntryPoint\",\"urlTemplate\":\"https:\\\/\\\/osaveurs-medina.com\\\/RESTO\\\/?s={search_term_string}\"},\"query-input\":{\"@type\":\"PropertyValueSpecification\",\"valueRequired\":true,\"valueName\":\"search_term_string\"}}],\"inLanguage\":\"fr-FR\"},{\"@type\":\"Organization\",\"@id\":\"https:\\\/\\\/osaveurs-medina.com\\\/RESTO\\\/#organization\",\"name\":\"\u00d4 Saveurs de la M\u00e9dina\",\"url\":\"https:\\\/\\\/osaveurs-medina.com\\\/RESTO\\\/\",\"logo\":{\"@type\":\"ImageObject\",\"inLanguage\":\"fr-FR\",\"@id\":\"https:\\\/\\\/osaveurs-medina.com\\\/RESTO\\\/#\\\/schema\\\/logo\\\/image\\\/\",\"url\":\"https:\\\/\\\/osaveurs-medina.com\\\/RESTO\\\/wp-content\\\/uploads\\\/2020\\\/07\\\/cropped-logo_restaurant.PNG.png\",\"contentUrl\":\"https:\\\/\\\/osaveurs-medina.com\\\/RESTO\\\/wp-content\\\/uploads\\\/2020\\\/07\\\/cropped-logo_restaurant.PNG.png\",\"width\":512,\"height\":512,\"caption\":\"\u00d4 Saveurs de la M\u00e9dina\"},\"image\":{\"@id\":\"https:\\\/\\\/osaveurs-medina.com\\\/RESTO\\\/#\\\/schema\\\/logo\\\/image\\\/\"}}]}<\/script>\n<!-- \/ Yoast SEO plugin. -->","yoast_head_json":{"title":"\u00c0 propos","robots":{"index":"index","follow":"follow","max-snippet":"max-snippet:-1","max-image-preview":"max-image-preview:large","max-video-preview":"max-video-preview:-1"},"canonical":"https:\/\/osaveurs-medina.com\/RESTO\/a-propos\/","og_locale":"fr_FR","og_type":"article","og_title":"[:fr]\u00c0 propos[:en]About us[:] - \u00d4 Saveurs de la Medina","og_description":"[vc_row][vc_column width=\u00a0\u00bb1\/12&Prime;][\/vc_column][vc_column width=\u00a0\u00bb5\/6&Prime;][vc_row_inner][vc_column_inner][vc_column_text font_size=\u00a0\u00bb22px\u00a0\u00bb] Notre restaurant \u00d4 Saveurs de la M\u00e9dina vous accueillera dans la plus pure tradition Marocaine sur la terrasse du toit ou dans un des salons du patio autour de la piscine. Notre Chef est pass\u00e9 ma\u00eetre dans la composition de recettes et en constante recherche d\u2019innovation. Il vous r\u00e9galera de plats&hellip;","og_url":"https:\/\/osaveurs-medina.com\/RESTO\/commander-ete\/menu-plats\/","og_site_name":"\u00d4 Saveurs de la Medina","article_modified_time":"2026-02-11T11:06:55+00:00","twitter_card":"summary_large_image","twitter_misc":{"Dur\u00e9e de lecture estim\u00e9e":"3 minutes"},"schema":{"@context":"https:\/\/schema.org","@graph":[{"@type":"WebPage","@id":"https:\/\/osaveurs-medina.com\/RESTO\/a-propos\/","url":"https:\/\/osaveurs-medina.com\/RESTO\/a-propos\/","name":"\u00c0 propos","isPartOf":{"@id":"https:\/\/osaveurs-medina.com\/RESTO\/#website"},"datePublished":"2020-03-19T05:39:04+00:00","dateModified":"2026-02-11T11:06:55+00:00","breadcrumb":{"@id":"https:\/\/osaveurs-medina.com\/RESTO\/a-propos\/#breadcrumb"},"inLanguage":"fr-FR","potentialAction":[{"@type":"ReadAction","target":["https:\/\/osaveurs-medina.com\/RESTO\/a-propos\/"]}]},{"@type":"BreadcrumbList","@id":"https:\/\/osaveurs-medina.com\/RESTO\/a-propos\/#breadcrumb","itemListElement":[{"@type":"ListItem","position":1,"name":"Accueil","item":"https:\/\/osaveurs-medina.com\/RESTO\/"},{"@type":"ListItem","position":2,"name":"\u00c0 propos"}]},{"@type":"WebSite","@id":"https:\/\/osaveurs-medina.com\/RESTO\/#website","url":"https:\/\/osaveurs-medina.com\/RESTO\/","name":"\u00d4 Saveurs de la Medina","description":"Votre restaurant \u00e0 Rabat Maroc","publisher":{"@id":"https:\/\/osaveurs-medina.com\/RESTO\/#organization"},"potentialAction":[{"@type":"SearchAction","target":{"@type":"EntryPoint","urlTemplate":"https:\/\/osaveurs-medina.com\/RESTO\/?s={search_term_string}"},"query-input":{"@type":"PropertyValueSpecification","valueRequired":true,"valueName":"search_term_string"}}],"inLanguage":"fr-FR"},{"@type":"Organization","@id":"https:\/\/osaveurs-medina.com\/RESTO\/#organization","name":"\u00d4 Saveurs de la M\u00e9dina","url":"https:\/\/osaveurs-medina.com\/RESTO\/","logo":{"@type":"ImageObject","inLanguage":"fr-FR","@id":"https:\/\/osaveurs-medina.com\/RESTO\/#\/schema\/logo\/image\/","url":"https:\/\/osaveurs-medina.com\/RESTO\/wp-content\/uploads\/2020\/07\/cropped-logo_restaurant.PNG.png","contentUrl":"https:\/\/osaveurs-medina.com\/RESTO\/wp-content\/uploads\/2020\/07\/cropped-logo_restaurant.PNG.png","width":512,"height":512,"caption":"\u00d4 Saveurs de la M\u00e9dina"},"image":{"@id":"https:\/\/osaveurs-medina.com\/RESTO\/#\/schema\/logo\/image\/"}}]}},"_links":{"self":[{"href":"https:\/\/osaveurs-medina.com\/RESTO\/wp-json\/wp\/v2\/pages\/15","targetHints":{"allow":["GET"]}}],"collection":[{"href":"https:\/\/osaveurs-medina.com\/RESTO\/wp-json\/wp\/v2\/pages"}],"about":[{"href":"https:\/\/osaveurs-medina.com\/RESTO\/wp-json\/wp\/v2\/types\/page"}],"author":[{"embeddable":true,"href":"https:\/\/osaveurs-medina.com\/RESTO\/wp-json\/wp\/v2\/users\/1"}],"replies":[{"embeddable":true,"href":"https:\/\/osaveurs-medina.com\/RESTO\/wp-json\/wp\/v2\/comments?post=15"}],"version-history":[{"count":1,"href":"https:\/\/osaveurs-medina.com\/RESTO\/wp-json\/wp\/v2\/pages\/15\/revisions"}],"predecessor-version":[{"id":4010,"href":"https:\/\/osaveurs-medina.com\/RESTO\/wp-json\/wp\/v2\/pages\/15\/revisions\/4010"}],"wp:attachment":[{"href":"https:\/\/osaveurs-medina.com\/RESTO\/wp-json\/wp\/v2\/media?parent=15"}],"curies":[{"name":"wp","href":"https:\/\/api.w.org\/{rel}","templated":true}]}}