{"id":3,"date":"2020-03-18T12:11:34","date_gmt":"2020-03-18T12:11:34","guid":{"rendered":"http:\/\/ww.restorevolution.net\/?page_id=3"},"modified":"2021-08-30T13:11:47","modified_gmt":"2021-08-30T12:11:47","slug":"politique-de-confidentialite","status":"publish","type":"page","link":"https:\/\/osaveurs-medina.com\/RESTO\/politique-de-confidentialite\/","title":{"rendered":"Mentions L\u00e9gales &#038; Politique de confidentialit\u00e9"},"content":{"rendered":"<div class=\"wpb-content-wrapper\">[vc_row][vc_column][vc_column_text]\r\n<p>Mise \u00e0 jour : Sept 2021<\/p>\r\n<p><strong>D\u00e9nomination<\/strong><\/p>\r\n<p>\u00d4 Saveurs de la M\u00e9dina<\/p>\r\n<p>&nbsp;<\/p>\r\n<p><strong>Raison sociale<\/strong><br \/>\u00d4 Saveurs de la M\u00e9dina<\/p>\r\n<p>&nbsp;<\/p>\r\n<p><strong>Statut<\/strong><\/p>\r\n<p>SARL de droit Marocain<\/p>\r\n<p>N\u00b0 de RC\u00a0: 28117<\/p>\r\n<p>&nbsp;<\/p>\r\n<p><strong>Directeur de la publication<\/strong><\/p>\r\n<p>\u00d4 Saveurs de la M\u00e9dina<\/p>\r\n<p>Adresse postale : 6 rue Abdellah Bensaid, Sal\u00e9 Maroc<\/p>\r\n<p>Adresse mail : contact_riad@osaveurs-medina.com<\/p>\r\n<p>&nbsp;<\/p>\r\n<p><strong>Le nom de domaine<\/strong><\/p>\r\n<p>https:\/\/www.osaveur-medina.com\/ est r\u00e9serv\u00e9 en .fr et .com<\/p>\r\n<p><strong>\u00a0<\/strong><\/p>\r\n<p><strong>H\u00e9bergement du site internet<\/strong><\/p>\r\n<p>Soci\u00e9t\u00e9 LWS<\/p>\r\n<p>&nbsp;<\/p>\r\n<p><strong>La conception du site<\/strong><\/p>\r\n<p>Cr\u00e9ation par <a href=\"https:\/\/inforeso.fr\/\">Dn infoReso<\/a><\/p>\r\n<p>&nbsp;<\/p>\r\n<p><strong>Droit d\u2019auteur &#038; Copyright<\/strong><\/p>\r\n<p>L\u2019ensemble du site et chacun de ses \u00e9l\u00e9ments pris s\u00e9par\u00e9ment rel\u00e8vent de la l\u00e9gislation fran\u00e7aise et internationale sur le droit d\u2019auteur et plus largement de la propri\u00e9t\u00e9 intellectuelle. Tous les droits de reproduction, de repr\u00e9sentation et de communication sont r\u00e9serv\u00e9s. Toute utilisation est soumise \u00e0 l\u2019accord pr\u00e9alable et express au directeur de la publication. Cr\u00e9dit Photos\u00a0: \u00d4 Saveurs de la M\u00e9dina, Adobe et Dn Inforeso<\/p>\r\n<p>&nbsp;<\/p>\r\n<p><strong>Liens <\/strong><\/p>\r\n<p>Ce site contient des liens vers d\u2019autres sites ne sera pas tenu responsable de leurs pratiques en mati\u00e8re de confidentialit\u00e9 ou de leur contenu ; l\u2019internaute en \u00e9tant seul responsable de l\u2019utilisation.<\/p>\r\n<p>&nbsp;<\/p>\r\n<p><strong>Conservation et Utilisation de vos donn\u00e9es personnelles<\/strong><\/p>\r\n<p>Les informations recueillies sur les formulaires sont enregistr\u00e9es dans un fichier informatis\u00e9 par \u00d4 Saveurs de la M\u00e9dina.<\/p>\r\n<p>Elles sont conserv\u00e9es pendant 3 ans et sont destin\u00e9es \u00e0 des actions de communication et de marketing. Ce fichier est accessible uniquement par le dirigeant et l\u2019agence de communication (voir chapitre pr\u00e9c\u00e9dent : concepteur) qui g\u00e8re le site internet pour le compte de \u00d4 Saveurs de la M\u00e9dina.<\/p>\r\n<p>Conform\u00e9ment \u00e0 la loi \u00ab informatique et libert\u00e9s \u00bb, vous pouvez exercer votre droit d\u2019acc\u00e8s aux donn\u00e9es vous concernant et les faire rectifier en contactant le directeur de la publication par courrier ou courriel (voir chapitre pr\u00e9c\u00e9dent : Directeur publication) .<\/p>\r\n<p>&nbsp;<\/p>\r\n<p><strong>Lieu de stockage des donn\u00e9es<\/strong><\/p>\r\n<p>L\u2019ensemble des donn\u00e9es sont stock\u00e9es au sein de l\u2019Union europ\u00e9enne dans un DATA CENTER de la soci\u00e9t\u00e9 qui h\u00e9berge le site internet (voir chapitre pr\u00e9c\u00e9dent : l\u2019H\u00e9bergement du site)<\/p>\r\n<p>&nbsp;<\/p>\r\n<p><strong>Consentement et Traitement de vos donn\u00e9es personnelles<\/strong><\/p>\r\n<p>En cochant la case de consentement obligatoire avant soumission de chaque formulaire du site internet \u00ab J\u2019autorise \u00d4 Saveurs de la M\u00e9dina \u00e0 me contacter de fa\u00e7on personnalis\u00e9e \u00e0 propos de ses services. Vos donn\u00e9es personnelles ne seront jamais communiqu\u00e9es \u00e0 des tiers. \u00bb) vous autorisez explicitement le stockage et le traitement de vos donn\u00e9es dans le but de finaliser une commande et de vous informer sur les services et produits \u00d4 Saveurs de la M\u00e9dina.<\/p>\r\n<p>Vous ne souhaitez pas donner votre consentement ? Appelez-nous directement au : +212\u00a0611 34 35 50. Nous r\u00e9pondrons ainsi \u00e0 vos questions par t\u00e9l\u00e9phone.<\/p>\r\n<p>&nbsp;<\/p>\r\n<p><strong>Retrait du Consentement concernant vos donn\u00e9es personnelles et Droit d\u2019acc\u00e8s \u00e0 vos donn\u00e9es personnelles<\/strong><\/p>\r\n<p>Vous disposez d\u2019un droit d\u2019acc\u00e8s, de modification et\/ou de suppression des donn\u00e9es vous concernant \u00e0 tout moment en contactant notre service informatique :<\/p>\r\n<ul>\r\n<li>Par voie postale (voir chapitre pr\u00e9c\u00e9dent : Directeur publication), id\u00e9alement, en recommand\u00e9 avec accus\u00e9 de r\u00e9ception.<\/li>\r\n<li>Sur place dans nos locaux : avec pr\u00e9sentation d\u2019une pi\u00e8ce d\u2019identit\u00e9.<\/li>\r\n<\/ul>\r\n<p>&nbsp;<\/p>\r\n<p>Le responsable du fichier (directeur de la publication) dispose d\u2019un d\u00e9lai de r\u00e9ponse maximal de 2 mois \u00e0 compter de la demande, qu\u2019elle ait \u00e9t\u00e9 exerc\u00e9e par voie postale ou sur place. La CNIL pr\u00e9cise : \u00ab Si la demande est incompl\u00e8te (absence de la pi\u00e8ce d\u2019identit\u00e9 par exemple), le responsable du fichier est en droit de demander des compl\u00e9ments : le d\u00e9lai est alors suspendu et courre \u00e0 nouveau une fois ces \u00e9l\u00e9ments fournis \u00bb.<\/p>\r\n<p>Les limites au droit d\u2019acc\u00e8s sont pr\u00e9cis\u00e9es sur le site de la CNIL et consultables en cliquant <a href=\"https:\/\/www.cnil.fr\/\">ici<\/a>.<\/p>\r\n<p>&nbsp;<\/p>\r\n<p><strong>Modification de vos abonnements<\/strong><\/p>\r\n<p>Vous pouvez aussi modifier librement votre abonnement \u00e0 nos communications en cliquant sur le bouton \u00ab Modifier mes pr\u00e9f\u00e9rences \u00bb en bas de chacune de nos communications envoy\u00e9es par e-mail.<\/p>\r\n<p>&nbsp;<\/p>\r\n<p>Pour vous d\u00e9sabonner de toutes les communications de \u00d4 Saveurs de la M\u00e9dina, vous devez cliquer sur le lien de d\u00e9sabonnement qui se situe en bas de nos e-mails. Vous pourrez ensuite choisir :<\/p>\r\n<ul>\r\n<li>de modifier vos pr\u00e9f\u00e9rences de r\u00e9ception de nos communications<\/li>\r\n<li>de vous d\u00e9sabonner de toutes les communications marketing jusqu\u2019\u00e0 nouvelle soumission de votre consentement sur le site internet.<\/li>\r\n<\/ul>\r\n[\/vc_column_text][\/vc_column][\/vc_row]<\/div>","protected":false},"excerpt":{"rendered":"<p>[vc_row][vc_column][vc_column_text] Mise \u00e0 jour : Sept 2021 D\u00e9nomination \u00d4 Saveurs de la M\u00e9dina &nbsp; Raison sociale\u00d4 Saveurs de la M\u00e9dina &nbsp; Statut SARL de droit Marocain N\u00b0 de RC\u00a0: 28117 &nbsp; Directeur de la publication \u00d4 Saveurs de la M\u00e9dina Adresse postale : 6 rue Abdellah Bensaid, Sal\u00e9 Maroc Adresse mail : contact_riad@osaveurs-medina.com &nbsp; Le&hellip;<\/p>\n","protected":false},"author":1,"featured_media":1790,"parent":0,"menu_order":0,"comment_status":"closed","ping_status":"closed","template":"","meta":{"footnotes":""},"class_list":["post-3","page","type-page","status-publish","has-post-thumbnail","hentry","entry","has-media"],"yoast_head":"<!-- This site is optimized with the Yoast SEO plugin v27.4 - https:\/\/yoast.com\/product\/yoast-seo-wordpress\/ -->\n<title>Mentions L\u00e9gales &amp; Politique de confidentialit\u00e9<\/title>\n<meta name=\"robots\" content=\"index, follow, max-snippet:-1, max-image-preview:large, max-video-preview:-1\" \/>\n<link rel=\"canonical\" href=\"https:\/\/osaveurs-medina.com\/RESTO\/politique-de-confidentialite\/\" \/>\n<meta property=\"og:locale\" content=\"fr_FR\" \/>\n<meta property=\"og:locale:alternate\" content=\"en_US\" \/>\n<meta property=\"og:type\" content=\"article\" \/>\n<meta property=\"og:title\" content=\"Mentions L\u00e9gales &amp; Politique de confidentialit\u00e9\" \/>\n<meta property=\"og:description\" content=\"[vc_row][vc_column][vc_column_text] Mise \u00e0 jour : Sept 2021 D\u00e9nomination \u00d4 Saveurs de la M\u00e9dina &nbsp; Raison sociale\u00d4 Saveurs de la M\u00e9dina &nbsp; Statut SARL de droit Marocain N\u00b0 de RC\u00a0: 28117 &nbsp; Directeur de la publication \u00d4 Saveurs de la M\u00e9dina Adresse postale : 6 rue Abdellah Bensaid, Sal\u00e9 Maroc Adresse mail : contact_riad@osaveurs-medina.com &nbsp; Le&hellip;\" \/>\n<meta property=\"og:url\" content=\"https:\/\/osaveurs-medina.com\/RESTO\/politique-de-confidentialite\/\" \/>\n<meta property=\"og:site_name\" content=\"\u00d4 Saveurs de la Medina\" \/>\n<meta property=\"article:modified_time\" content=\"2021-08-30T12:11:47+00:00\" \/>\n<meta property=\"og:image\" content=\"https:\/\/osaveurs-medina.com\/RESTO\/wp-content\/uploads\/2020\/07\/R\u00e9server1-scaled.jpg\" \/>\n\t<meta property=\"og:image:width\" content=\"1600\" \/>\n\t<meta property=\"og:image:height\" content=\"1066\" \/>\n\t<meta property=\"og:image:type\" content=\"image\/jpeg\" \/>\n<meta name=\"twitter:card\" content=\"summary_large_image\" \/>\n<meta name=\"twitter:label1\" content=\"Dur\u00e9e de lecture estim\u00e9e\" \/>\n\t<meta name=\"twitter:data1\" content=\"3 minutes\" \/>\n<script type=\"application\/ld+json\" class=\"yoast-schema-graph\">{\"@context\":\"https:\\\/\\\/schema.org\",\"@graph\":[{\"@type\":\"WebPage\",\"@id\":\"https:\\\/\\\/osaveurs-medina.com\\\/RESTO\\\/politique-de-confidentialite\\\/\",\"url\":\"https:\\\/\\\/osaveurs-medina.com\\\/RESTO\\\/politique-de-confidentialite\\\/\",\"name\":\"Mentions L\u00e9gales & Politique de confidentialit\u00e9\",\"isPartOf\":{\"@id\":\"https:\\\/\\\/osaveurs-medina.com\\\/RESTO\\\/#website\"},\"primaryImageOfPage\":{\"@id\":\"https:\\\/\\\/osaveurs-medina.com\\\/RESTO\\\/politique-de-confidentialite\\\/#primaryimage\"},\"image\":{\"@id\":\"https:\\\/\\\/osaveurs-medina.com\\\/RESTO\\\/politique-de-confidentialite\\\/#primaryimage\"},\"thumbnailUrl\":\"https:\\\/\\\/osaveurs-medina.com\\\/RESTO\\\/wp-content\\\/uploads\\\/2020\\\/07\\\/R\u00e9server1-scaled.jpg\",\"datePublished\":\"2020-03-18T12:11:34+00:00\",\"dateModified\":\"2021-08-30T12:11:47+00:00\",\"breadcrumb\":{\"@id\":\"https:\\\/\\\/osaveurs-medina.com\\\/RESTO\\\/politique-de-confidentialite\\\/#breadcrumb\"},\"inLanguage\":\"fr-FR\",\"potentialAction\":[{\"@type\":\"ReadAction\",\"target\":[\"https:\\\/\\\/osaveurs-medina.com\\\/RESTO\\\/politique-de-confidentialite\\\/\"]}]},{\"@type\":\"ImageObject\",\"inLanguage\":\"fr-FR\",\"@id\":\"https:\\\/\\\/osaveurs-medina.com\\\/RESTO\\\/politique-de-confidentialite\\\/#primaryimage\",\"url\":\"https:\\\/\\\/osaveurs-medina.com\\\/RESTO\\\/wp-content\\\/uploads\\\/2020\\\/07\\\/R\u00e9server1-scaled.jpg\",\"contentUrl\":\"https:\\\/\\\/osaveurs-medina.com\\\/RESTO\\\/wp-content\\\/uploads\\\/2020\\\/07\\\/R\u00e9server1-scaled.jpg\",\"width\":1600,\"height\":1066},{\"@type\":\"BreadcrumbList\",\"@id\":\"https:\\\/\\\/osaveurs-medina.com\\\/RESTO\\\/politique-de-confidentialite\\\/#breadcrumb\",\"itemListElement\":[{\"@type\":\"ListItem\",\"position\":1,\"name\":\"Accueil\",\"item\":\"https:\\\/\\\/osaveurs-medina.com\\\/RESTO\\\/\"},{\"@type\":\"ListItem\",\"position\":2,\"name\":\"Mentions L\u00e9gales &#038; Politique de confidentialit\u00e9\"}]},{\"@type\":\"WebSite\",\"@id\":\"https:\\\/\\\/osaveurs-medina.com\\\/RESTO\\\/#website\",\"url\":\"https:\\\/\\\/osaveurs-medina.com\\\/RESTO\\\/\",\"name\":\"\u00d4 Saveurs de la Medina\",\"description\":\"Votre restaurant \u00e0 Rabat Maroc\",\"publisher\":{\"@id\":\"https:\\\/\\\/osaveurs-medina.com\\\/RESTO\\\/#organization\"},\"potentialAction\":[{\"@type\":\"SearchAction\",\"target\":{\"@type\":\"EntryPoint\",\"urlTemplate\":\"https:\\\/\\\/osaveurs-medina.com\\\/RESTO\\\/?s={search_term_string}\"},\"query-input\":{\"@type\":\"PropertyValueSpecification\",\"valueRequired\":true,\"valueName\":\"search_term_string\"}}],\"inLanguage\":\"fr-FR\"},{\"@type\":\"Organization\",\"@id\":\"https:\\\/\\\/osaveurs-medina.com\\\/RESTO\\\/#organization\",\"name\":\"\u00d4 Saveurs de la M\u00e9dina\",\"url\":\"https:\\\/\\\/osaveurs-medina.com\\\/RESTO\\\/\",\"logo\":{\"@type\":\"ImageObject\",\"inLanguage\":\"fr-FR\",\"@id\":\"https:\\\/\\\/osaveurs-medina.com\\\/RESTO\\\/#\\\/schema\\\/logo\\\/image\\\/\",\"url\":\"https:\\\/\\\/osaveurs-medina.com\\\/RESTO\\\/wp-content\\\/uploads\\\/2020\\\/07\\\/cropped-logo_restaurant.PNG.png\",\"contentUrl\":\"https:\\\/\\\/osaveurs-medina.com\\\/RESTO\\\/wp-content\\\/uploads\\\/2020\\\/07\\\/cropped-logo_restaurant.PNG.png\",\"width\":512,\"height\":512,\"caption\":\"\u00d4 Saveurs de la M\u00e9dina\"},\"image\":{\"@id\":\"https:\\\/\\\/osaveurs-medina.com\\\/RESTO\\\/#\\\/schema\\\/logo\\\/image\\\/\"}}]}<\/script>\n<!-- \/ Yoast SEO plugin. -->","yoast_head_json":{"title":"Mentions L\u00e9gales & Politique de confidentialit\u00e9","robots":{"index":"index","follow":"follow","max-snippet":"max-snippet:-1","max-image-preview":"max-image-preview:large","max-video-preview":"max-video-preview:-1"},"canonical":"https:\/\/osaveurs-medina.com\/RESTO\/politique-de-confidentialite\/","og_locale":"fr_FR","og_type":"article","og_title":"[:fr]Mentions L\u00e9gales & Politique de confidentialit\u00e9[:] - \u00d4 Saveurs de la Medina","og_description":"[vc_row][vc_column][vc_column_text] Mise \u00e0 jour : Sept 2021 D\u00e9nomination \u00d4 Saveurs de la M\u00e9dina &nbsp; Raison sociale\u00d4 Saveurs de la M\u00e9dina &nbsp; Statut SARL de droit Marocain N\u00b0 de RC\u00a0: 28117 &nbsp; Directeur de la publication \u00d4 Saveurs de la M\u00e9dina Adresse postale : 6 rue Abdellah Bensaid, Sal\u00e9 Maroc Adresse mail : contact_riad@osaveurs-medina.com &nbsp; Le&hellip;","og_url":"https:\/\/osaveurs-medina.com\/RESTO\/politique-de-confidentialite\/","og_site_name":"\u00d4 Saveurs de la Medina","article_modified_time":"2021-08-30T12:11:47+00:00","og_image":[{"width":1600,"height":1066,"url":"https:\/\/osaveurs-medina.com\/RESTO\/wp-content\/uploads\/2020\/07\/R\u00e9server1-scaled.jpg","type":"image\/jpeg"}],"twitter_card":"summary_large_image","twitter_misc":{"Dur\u00e9e de lecture estim\u00e9e":"3 minutes"},"schema":{"@context":"https:\/\/schema.org","@graph":[{"@type":"WebPage","@id":"https:\/\/osaveurs-medina.com\/RESTO\/politique-de-confidentialite\/","url":"https:\/\/osaveurs-medina.com\/RESTO\/politique-de-confidentialite\/","name":"Mentions L\u00e9gales & Politique de confidentialit\u00e9","isPartOf":{"@id":"https:\/\/osaveurs-medina.com\/RESTO\/#website"},"primaryImageOfPage":{"@id":"https:\/\/osaveurs-medina.com\/RESTO\/politique-de-confidentialite\/#primaryimage"},"image":{"@id":"https:\/\/osaveurs-medina.com\/RESTO\/politique-de-confidentialite\/#primaryimage"},"thumbnailUrl":"https:\/\/osaveurs-medina.com\/RESTO\/wp-content\/uploads\/2020\/07\/R\u00e9server1-scaled.jpg","datePublished":"2020-03-18T12:11:34+00:00","dateModified":"2021-08-30T12:11:47+00:00","breadcrumb":{"@id":"https:\/\/osaveurs-medina.com\/RESTO\/politique-de-confidentialite\/#breadcrumb"},"inLanguage":"fr-FR","potentialAction":[{"@type":"ReadAction","target":["https:\/\/osaveurs-medina.com\/RESTO\/politique-de-confidentialite\/"]}]},{"@type":"ImageObject","inLanguage":"fr-FR","@id":"https:\/\/osaveurs-medina.com\/RESTO\/politique-de-confidentialite\/#primaryimage","url":"https:\/\/osaveurs-medina.com\/RESTO\/wp-content\/uploads\/2020\/07\/R\u00e9server1-scaled.jpg","contentUrl":"https:\/\/osaveurs-medina.com\/RESTO\/wp-content\/uploads\/2020\/07\/R\u00e9server1-scaled.jpg","width":1600,"height":1066},{"@type":"BreadcrumbList","@id":"https:\/\/osaveurs-medina.com\/RESTO\/politique-de-confidentialite\/#breadcrumb","itemListElement":[{"@type":"ListItem","position":1,"name":"Accueil","item":"https:\/\/osaveurs-medina.com\/RESTO\/"},{"@type":"ListItem","position":2,"name":"Mentions L\u00e9gales &#038; Politique de confidentialit\u00e9"}]},{"@type":"WebSite","@id":"https:\/\/osaveurs-medina.com\/RESTO\/#website","url":"https:\/\/osaveurs-medina.com\/RESTO\/","name":"\u00d4 Saveurs de la Medina","description":"Votre restaurant \u00e0 Rabat Maroc","publisher":{"@id":"https:\/\/osaveurs-medina.com\/RESTO\/#organization"},"potentialAction":[{"@type":"SearchAction","target":{"@type":"EntryPoint","urlTemplate":"https:\/\/osaveurs-medina.com\/RESTO\/?s={search_term_string}"},"query-input":{"@type":"PropertyValueSpecification","valueRequired":true,"valueName":"search_term_string"}}],"inLanguage":"fr-FR"},{"@type":"Organization","@id":"https:\/\/osaveurs-medina.com\/RESTO\/#organization","name":"\u00d4 Saveurs de la M\u00e9dina","url":"https:\/\/osaveurs-medina.com\/RESTO\/","logo":{"@type":"ImageObject","inLanguage":"fr-FR","@id":"https:\/\/osaveurs-medina.com\/RESTO\/#\/schema\/logo\/image\/","url":"https:\/\/osaveurs-medina.com\/RESTO\/wp-content\/uploads\/2020\/07\/cropped-logo_restaurant.PNG.png","contentUrl":"https:\/\/osaveurs-medina.com\/RESTO\/wp-content\/uploads\/2020\/07\/cropped-logo_restaurant.PNG.png","width":512,"height":512,"caption":"\u00d4 Saveurs de la M\u00e9dina"},"image":{"@id":"https:\/\/osaveurs-medina.com\/RESTO\/#\/schema\/logo\/image\/"}}]}},"_links":{"self":[{"href":"https:\/\/osaveurs-medina.com\/RESTO\/wp-json\/wp\/v2\/pages\/3","targetHints":{"allow":["GET"]}}],"collection":[{"href":"https:\/\/osaveurs-medina.com\/RESTO\/wp-json\/wp\/v2\/pages"}],"about":[{"href":"https:\/\/osaveurs-medina.com\/RESTO\/wp-json\/wp\/v2\/types\/page"}],"author":[{"embeddable":true,"href":"https:\/\/osaveurs-medina.com\/RESTO\/wp-json\/wp\/v2\/users\/1"}],"replies":[{"embeddable":true,"href":"https:\/\/osaveurs-medina.com\/RESTO\/wp-json\/wp\/v2\/comments?post=3"}],"version-history":[{"count":0,"href":"https:\/\/osaveurs-medina.com\/RESTO\/wp-json\/wp\/v2\/pages\/3\/revisions"}],"wp:featuredmedia":[{"embeddable":true,"href":"https:\/\/osaveurs-medina.com\/RESTO\/wp-json\/wp\/v2\/media\/1790"}],"wp:attachment":[{"href":"https:\/\/osaveurs-medina.com\/RESTO\/wp-json\/wp\/v2\/media?parent=3"}],"curies":[{"name":"wp","href":"https:\/\/api.w.org\/{rel}","templated":true}]}}