{"id":3753,"date":"2023-04-27T08:56:05","date_gmt":"2023-04-27T08:56:05","guid":{"rendered":"https:\/\/osaveurs-medina.com\/RESTO\/?post_type=product&#038;p=3753"},"modified":"2025-07-01T17:05:03","modified_gmt":"2025-07-01T16:05:03","slug":"brochettes-mixtes","status":"publish","type":"product","link":"https:\/\/osaveurs-medina.com\/RESTO\/produit\/brochettes-mixtes\/","title":{"rendered":"Poulet aux saveurs du monde"},"content":{"rendered":"","protected":false},"excerpt":{"rendered":"<p><span style=\"font-size: 14px;\">4 choix de saveurs pour votre plat accompagn\u00e9 de riz\u00a0 :\u00a0<\/span><\/p>\n<ol>\n<li>La Fran\u00e7aise : Champignons, oignions, cr\u00e8me fraiche<\/li>\n<li>La S\u00e9n\u00e9galaise : Beurre de cacahu\u00e8tes, piments, oignions, concentr\u00e9 de tomates<\/li>\n<li>L&rsquo;indienne : Cr\u00e8me fraiche, curry, raisins secs<\/li>\n<li>La Cor\u00e9enne : Soja, miel, moutarde, \u0153ufs, \u00e9pices, s\u00e9same<\/li>\n<\/ol>\n<p>Pour un plat \u00e0 livrer ou emporter merci de pr\u00e9ciser en ligne votre choix de saveur dans le champ \u00ab\u00a0commentaires\u00a0\u00bb<\/p>\n<p>&nbsp;<\/p>\n","protected":false},"featured_media":0,"template":"","meta":[],"product_brand":[],"product_cat":[110,27,109,107,32,108],"product_tag":[],"class_list":{"0":"post-3753","1":"product","2":"type-product","3":"status-publish","5":"product_cat-cuisine-internationale-plats-automne","6":"product_cat-cuisine-internationale","7":"product_cat-cuisine-internationale-plats-ete","8":"product_cat-cuisine-internationale-plats-hivers","9":"product_cat-plats-cuisine-internationaux","10":"product_cat-cuisine-internationale-plats-printemps","11":"entry","12":"no-media","14":"first","15":"instock","16":"taxable","17":"shipping-taxable","18":"purchasable","19":"product-type-simple"},"yoast_head":"<!-- This site is optimized with the Yoast SEO plugin v27.3 - https:\/\/yoast.com\/product\/yoast-seo-wordpress\/ -->\n<title>Poulet aux saveurs du monde<\/title>\n<meta name=\"robots\" content=\"index, follow, max-snippet:-1, max-image-preview:large, max-video-preview:-1\" \/>\n<link rel=\"canonical\" href=\"https:\/\/osaveurs-medina.com\/RESTO\/produit\/brochettes-mixtes\/\" \/>\n<meta property=\"og:locale\" content=\"fr_FR\" \/>\n<meta property=\"og:locale:alternate\" content=\"en_US\" \/>\n<meta property=\"og:type\" content=\"article\" \/>\n<meta property=\"og:title\" content=\"Poulet aux saveurs du monde\" \/>\n<meta property=\"og:description\" content=\"4 choix de saveurs pour votre plat accompagn\u00e9 de riz\u00a0 :\u00a0   La Fran\u00e7aise : Champignons, oignions, cr\u00e8me fraiche  La S\u00e9n\u00e9galaise : Beurre de cacahu\u00e8tes, piments, oignions, concentr\u00e9 de tomates  L&#039;indienne : Cr\u00e8me fraiche, curry, raisins secs  La Cor\u00e9enne : Soja, miel, moutarde, \u0153ufs, \u00e9pices, s\u00e9same  Pour un plat \u00e0 livrer ou emporter merci de pr\u00e9ciser en ligne votre choix de saveur dans le champ &quot;commentaires&quot;  &nbsp;\" \/>\n<meta property=\"og:url\" content=\"https:\/\/osaveurs-medina.com\/RESTO\/produit\/brochettes-mixtes\/\" \/>\n<meta property=\"og:site_name\" content=\"\u00d4 Saveurs de la Medina\" \/>\n<meta property=\"article:modified_time\" content=\"2025-07-01T16:05:03+00:00\" \/>\n<meta name=\"twitter:card\" content=\"summary_large_image\" \/>\n<script type=\"application\/ld+json\" class=\"yoast-schema-graph\">{\"@context\":\"https:\\\/\\\/schema.org\",\"@graph\":[{\"@type\":\"WebPage\",\"@id\":\"https:\\\/\\\/osaveurs-medina.com\\\/RESTO\\\/produit\\\/brochettes-mixtes\\\/\",\"url\":\"https:\\\/\\\/osaveurs-medina.com\\\/RESTO\\\/produit\\\/brochettes-mixtes\\\/\",\"name\":\"Poulet aux saveurs du monde\",\"isPartOf\":{\"@id\":\"https:\\\/\\\/osaveurs-medina.com\\\/RESTO\\\/#website\"},\"datePublished\":\"2023-04-27T08:56:05+00:00\",\"dateModified\":\"2025-07-01T16:05:03+00:00\",\"breadcrumb\":{\"@id\":\"https:\\\/\\\/osaveurs-medina.com\\\/RESTO\\\/produit\\\/brochettes-mixtes\\\/#breadcrumb\"},\"inLanguage\":\"fr-FR\",\"potentialAction\":[{\"@type\":\"ReadAction\",\"target\":[\"https:\\\/\\\/osaveurs-medina.com\\\/RESTO\\\/produit\\\/brochettes-mixtes\\\/\"]}]},{\"@type\":\"BreadcrumbList\",\"@id\":\"https:\\\/\\\/osaveurs-medina.com\\\/RESTO\\\/produit\\\/brochettes-mixtes\\\/#breadcrumb\",\"itemListElement\":[{\"@type\":\"ListItem\",\"position\":1,\"name\":\"Accueil\",\"item\":\"https:\\\/\\\/osaveurs-medina.com\\\/RESTO\\\/\"},{\"@type\":\"ListItem\",\"position\":2,\"name\":\"Boutique\",\"item\":\"https:\\\/\\\/osaveurs-medina.com\\\/RESTO\\\/boutique\\\/\"},{\"@type\":\"ListItem\",\"position\":3,\"name\":\"Poulet aux saveurs du monde\"}]},{\"@type\":\"WebSite\",\"@id\":\"https:\\\/\\\/osaveurs-medina.com\\\/RESTO\\\/#website\",\"url\":\"https:\\\/\\\/osaveurs-medina.com\\\/RESTO\\\/\",\"name\":\"\u00d4 Saveurs de la Medina\",\"description\":\"Votre restaurant \u00e0 Rabat Maroc\",\"publisher\":{\"@id\":\"https:\\\/\\\/osaveurs-medina.com\\\/RESTO\\\/#organization\"},\"potentialAction\":[{\"@type\":\"SearchAction\",\"target\":{\"@type\":\"EntryPoint\",\"urlTemplate\":\"https:\\\/\\\/osaveurs-medina.com\\\/RESTO\\\/?s={search_term_string}\"},\"query-input\":{\"@type\":\"PropertyValueSpecification\",\"valueRequired\":true,\"valueName\":\"search_term_string\"}}],\"inLanguage\":\"fr-FR\"},{\"@type\":\"Organization\",\"@id\":\"https:\\\/\\\/osaveurs-medina.com\\\/RESTO\\\/#organization\",\"name\":\"\u00d4 Saveurs de la M\u00e9dina\",\"url\":\"https:\\\/\\\/osaveurs-medina.com\\\/RESTO\\\/\",\"logo\":{\"@type\":\"ImageObject\",\"inLanguage\":\"fr-FR\",\"@id\":\"https:\\\/\\\/osaveurs-medina.com\\\/RESTO\\\/#\\\/schema\\\/logo\\\/image\\\/\",\"url\":\"https:\\\/\\\/osaveurs-medina.com\\\/RESTO\\\/wp-content\\\/uploads\\\/2020\\\/07\\\/cropped-logo_restaurant.PNG.png\",\"contentUrl\":\"https:\\\/\\\/osaveurs-medina.com\\\/RESTO\\\/wp-content\\\/uploads\\\/2020\\\/07\\\/cropped-logo_restaurant.PNG.png\",\"width\":512,\"height\":512,\"caption\":\"\u00d4 Saveurs de la M\u00e9dina\"},\"image\":{\"@id\":\"https:\\\/\\\/osaveurs-medina.com\\\/RESTO\\\/#\\\/schema\\\/logo\\\/image\\\/\"}}]}<\/script>\n<!-- \/ Yoast SEO plugin. -->","yoast_head_json":{"title":"Poulet aux saveurs du monde","robots":{"index":"index","follow":"follow","max-snippet":"max-snippet:-1","max-image-preview":"max-image-preview:large","max-video-preview":"max-video-preview:-1"},"canonical":"https:\/\/osaveurs-medina.com\/RESTO\/produit\/brochettes-mixtes\/","og_locale":"fr_FR","og_type":"article","og_title":"[:fr]Poulet aux saveurs du monde[:en]Chicken with flavors from around the world[:] - \u00d4 Saveurs de la Medina","og_description":"4 choix de saveurs pour votre plat accompagn\u00e9 de riz\u00a0 :\u00a0   La Fran\u00e7aise : Champignons, oignions, cr\u00e8me fraiche  La S\u00e9n\u00e9galaise : Beurre de cacahu\u00e8tes, piments, oignions, concentr\u00e9 de tomates  L'indienne : Cr\u00e8me fraiche, curry, raisins secs  La Cor\u00e9enne : Soja, miel, moutarde, \u0153ufs, \u00e9pices, s\u00e9same  Pour un plat \u00e0 livrer ou emporter merci de pr\u00e9ciser en ligne votre choix de saveur dans le champ \"commentaires\"  &nbsp;","og_url":"https:\/\/osaveurs-medina.com\/RESTO\/produit\/brochettes-mixtes\/","og_site_name":"\u00d4 Saveurs de la Medina","article_modified_time":"2025-07-01T16:05:03+00:00","twitter_card":"summary_large_image","schema":{"@context":"https:\/\/schema.org","@graph":[{"@type":"WebPage","@id":"https:\/\/osaveurs-medina.com\/RESTO\/produit\/brochettes-mixtes\/","url":"https:\/\/osaveurs-medina.com\/RESTO\/produit\/brochettes-mixtes\/","name":"Poulet aux saveurs du monde","isPartOf":{"@id":"https:\/\/osaveurs-medina.com\/RESTO\/#website"},"datePublished":"2023-04-27T08:56:05+00:00","dateModified":"2025-07-01T16:05:03+00:00","breadcrumb":{"@id":"https:\/\/osaveurs-medina.com\/RESTO\/produit\/brochettes-mixtes\/#breadcrumb"},"inLanguage":"fr-FR","potentialAction":[{"@type":"ReadAction","target":["https:\/\/osaveurs-medina.com\/RESTO\/produit\/brochettes-mixtes\/"]}]},{"@type":"BreadcrumbList","@id":"https:\/\/osaveurs-medina.com\/RESTO\/produit\/brochettes-mixtes\/#breadcrumb","itemListElement":[{"@type":"ListItem","position":1,"name":"Accueil","item":"https:\/\/osaveurs-medina.com\/RESTO\/"},{"@type":"ListItem","position":2,"name":"Boutique","item":"https:\/\/osaveurs-medina.com\/RESTO\/boutique\/"},{"@type":"ListItem","position":3,"name":"Poulet aux saveurs du monde"}]},{"@type":"WebSite","@id":"https:\/\/osaveurs-medina.com\/RESTO\/#website","url":"https:\/\/osaveurs-medina.com\/RESTO\/","name":"\u00d4 Saveurs de la Medina","description":"Votre restaurant \u00e0 Rabat Maroc","publisher":{"@id":"https:\/\/osaveurs-medina.com\/RESTO\/#organization"},"potentialAction":[{"@type":"SearchAction","target":{"@type":"EntryPoint","urlTemplate":"https:\/\/osaveurs-medina.com\/RESTO\/?s={search_term_string}"},"query-input":{"@type":"PropertyValueSpecification","valueRequired":true,"valueName":"search_term_string"}}],"inLanguage":"fr-FR"},{"@type":"Organization","@id":"https:\/\/osaveurs-medina.com\/RESTO\/#organization","name":"\u00d4 Saveurs de la M\u00e9dina","url":"https:\/\/osaveurs-medina.com\/RESTO\/","logo":{"@type":"ImageObject","inLanguage":"fr-FR","@id":"https:\/\/osaveurs-medina.com\/RESTO\/#\/schema\/logo\/image\/","url":"https:\/\/osaveurs-medina.com\/RESTO\/wp-content\/uploads\/2020\/07\/cropped-logo_restaurant.PNG.png","contentUrl":"https:\/\/osaveurs-medina.com\/RESTO\/wp-content\/uploads\/2020\/07\/cropped-logo_restaurant.PNG.png","width":512,"height":512,"caption":"\u00d4 Saveurs de la M\u00e9dina"},"image":{"@id":"https:\/\/osaveurs-medina.com\/RESTO\/#\/schema\/logo\/image\/"}}]}},"_links":{"self":[{"href":"https:\/\/osaveurs-medina.com\/RESTO\/wp-json\/wp\/v2\/product\/3753","targetHints":{"allow":["GET"]}}],"collection":[{"href":"https:\/\/osaveurs-medina.com\/RESTO\/wp-json\/wp\/v2\/product"}],"about":[{"href":"https:\/\/osaveurs-medina.com\/RESTO\/wp-json\/wp\/v2\/types\/product"}],"wp:attachment":[{"href":"https:\/\/osaveurs-medina.com\/RESTO\/wp-json\/wp\/v2\/media?parent=3753"}],"wp:term":[{"taxonomy":"product_brand","embeddable":true,"href":"https:\/\/osaveurs-medina.com\/RESTO\/wp-json\/wp\/v2\/product_brand?post=3753"},{"taxonomy":"product_cat","embeddable":true,"href":"https:\/\/osaveurs-medina.com\/RESTO\/wp-json\/wp\/v2\/product_cat?post=3753"},{"taxonomy":"product_tag","embeddable":true,"href":"https:\/\/osaveurs-medina.com\/RESTO\/wp-json\/wp\/v2\/product_tag?post=3753"}],"curies":[{"name":"wp","href":"https:\/\/api.w.org\/{rel}","templated":true}]}}