{"id":3766,"date":"2023-05-14T10:42:19","date_gmt":"2023-05-14T09:42:19","guid":{"rendered":"https:\/\/osaveurs-medina.com\/RESTO\/?post_type=product&#038;p=3766"},"modified":"2025-12-15T10:08:26","modified_gmt":"2025-12-15T09:08:26","slug":"crepes-marocaines","status":"publish","type":"product","link":"https:\/\/osaveurs-medina.com\/RESTO\/produit\/crepes-marocaines\/","title":{"rendered":"Orange cannelle"},"content":{"rendered":"","protected":false},"excerpt":{"rendered":"<p>Tranches d&rsquo;orange \u00e0 la cannelle accompagn\u00e9es d&rsquo;une boule de glace ou d&rsquo;une p\u00e2tisserie Marocaine<\/p>\n","protected":false},"featured_media":0,"template":"","meta":[],"product_brand":[],"product_cat":[114,102,27,28,33,34,113,101,111,99,112,100],"product_tag":[],"class_list":{"0":"post-3766","1":"product","2":"type-product","3":"status-publish","5":"product_cat-cuisine-traditionnelle-marocaine-desserts-automne","6":"product_cat-cuisine-internationale-desserts-automne","7":"product_cat-cuisine-internationale","8":"product_cat-cuisine-traditionnelle-marocaine","9":"product_cat-desserts","10":"product_cat-desserts-cuisine-traditionnelle-marocaine","11":"product_cat-cuisine-traditionnelle-marocaine-desserts-ete","12":"product_cat-cuisine-internationale-desserts-ete","13":"product_cat-cuisine-traditionnelle-marocaine-desserts-hivers","14":"product_cat-cuisine-internationale-desserts-hivers","15":"product_cat-cuisine-traditionnelle-marocaine-desserts-printemps","16":"product_cat-cuisine-internationale-desserts-printemps","17":"entry","18":"no-media","20":"first","21":"instock","22":"taxable","23":"shipping-taxable","24":"purchasable","25":"product-type-simple"},"yoast_head":"<!-- This site is optimized with the Yoast SEO plugin v27.4 - https:\/\/yoast.com\/product\/yoast-seo-wordpress\/ -->\n<title>Orange cannelle<\/title>\n<meta name=\"robots\" content=\"index, follow, max-snippet:-1, max-image-preview:large, max-video-preview:-1\" \/>\n<link rel=\"canonical\" href=\"https:\/\/osaveurs-medina.com\/RESTO\/produit\/crepes-marocaines\/\" \/>\n<meta property=\"og:locale\" content=\"fr_FR\" \/>\n<meta property=\"og:locale:alternate\" content=\"en_US\" \/>\n<meta property=\"og:type\" content=\"article\" \/>\n<meta property=\"og:title\" content=\"Orange cannelle\" \/>\n<meta property=\"og:description\" content=\"Tranches d&#039;orange \u00e0 la cannelle accompagn\u00e9es d&#039;une boule de glace ou d&#039;une p\u00e2tisserie Marocaine\" \/>\n<meta property=\"og:url\" content=\"https:\/\/osaveurs-medina.com\/RESTO\/produit\/crepes-marocaines\/\" \/>\n<meta property=\"og:site_name\" content=\"\u00d4 Saveurs de la Medina\" \/>\n<meta property=\"article:modified_time\" content=\"2025-12-15T09:08:26+00:00\" \/>\n<meta name=\"twitter:card\" content=\"summary_large_image\" \/>\n<script type=\"application\/ld+json\" class=\"yoast-schema-graph\">{\"@context\":\"https:\\\/\\\/schema.org\",\"@graph\":[{\"@type\":\"WebPage\",\"@id\":\"https:\\\/\\\/osaveurs-medina.com\\\/RESTO\\\/produit\\\/crepes-marocaines\\\/\",\"url\":\"https:\\\/\\\/osaveurs-medina.com\\\/RESTO\\\/produit\\\/crepes-marocaines\\\/\",\"name\":\"Orange cannelle\",\"isPartOf\":{\"@id\":\"https:\\\/\\\/osaveurs-medina.com\\\/RESTO\\\/#website\"},\"datePublished\":\"2023-05-14T09:42:19+00:00\",\"dateModified\":\"2025-12-15T09:08:26+00:00\",\"breadcrumb\":{\"@id\":\"https:\\\/\\\/osaveurs-medina.com\\\/RESTO\\\/produit\\\/crepes-marocaines\\\/#breadcrumb\"},\"inLanguage\":\"fr-FR\",\"potentialAction\":[{\"@type\":\"ReadAction\",\"target\":[\"https:\\\/\\\/osaveurs-medina.com\\\/RESTO\\\/produit\\\/crepes-marocaines\\\/\"]}]},{\"@type\":\"BreadcrumbList\",\"@id\":\"https:\\\/\\\/osaveurs-medina.com\\\/RESTO\\\/produit\\\/crepes-marocaines\\\/#breadcrumb\",\"itemListElement\":[{\"@type\":\"ListItem\",\"position\":1,\"name\":\"Accueil\",\"item\":\"https:\\\/\\\/osaveurs-medina.com\\\/RESTO\\\/\"},{\"@type\":\"ListItem\",\"position\":2,\"name\":\"Boutique\",\"item\":\"https:\\\/\\\/osaveurs-medina.com\\\/RESTO\\\/boutique\\\/\"},{\"@type\":\"ListItem\",\"position\":3,\"name\":\"Orange cannelle\"}]},{\"@type\":\"WebSite\",\"@id\":\"https:\\\/\\\/osaveurs-medina.com\\\/RESTO\\\/#website\",\"url\":\"https:\\\/\\\/osaveurs-medina.com\\\/RESTO\\\/\",\"name\":\"\u00d4 Saveurs de la Medina\",\"description\":\"Votre restaurant \u00e0 Rabat Maroc\",\"publisher\":{\"@id\":\"https:\\\/\\\/osaveurs-medina.com\\\/RESTO\\\/#organization\"},\"potentialAction\":[{\"@type\":\"SearchAction\",\"target\":{\"@type\":\"EntryPoint\",\"urlTemplate\":\"https:\\\/\\\/osaveurs-medina.com\\\/RESTO\\\/?s={search_term_string}\"},\"query-input\":{\"@type\":\"PropertyValueSpecification\",\"valueRequired\":true,\"valueName\":\"search_term_string\"}}],\"inLanguage\":\"fr-FR\"},{\"@type\":\"Organization\",\"@id\":\"https:\\\/\\\/osaveurs-medina.com\\\/RESTO\\\/#organization\",\"name\":\"\u00d4 Saveurs de la M\u00e9dina\",\"url\":\"https:\\\/\\\/osaveurs-medina.com\\\/RESTO\\\/\",\"logo\":{\"@type\":\"ImageObject\",\"inLanguage\":\"fr-FR\",\"@id\":\"https:\\\/\\\/osaveurs-medina.com\\\/RESTO\\\/#\\\/schema\\\/logo\\\/image\\\/\",\"url\":\"https:\\\/\\\/osaveurs-medina.com\\\/RESTO\\\/wp-content\\\/uploads\\\/2020\\\/07\\\/cropped-logo_restaurant.PNG.png\",\"contentUrl\":\"https:\\\/\\\/osaveurs-medina.com\\\/RESTO\\\/wp-content\\\/uploads\\\/2020\\\/07\\\/cropped-logo_restaurant.PNG.png\",\"width\":512,\"height\":512,\"caption\":\"\u00d4 Saveurs de la M\u00e9dina\"},\"image\":{\"@id\":\"https:\\\/\\\/osaveurs-medina.com\\\/RESTO\\\/#\\\/schema\\\/logo\\\/image\\\/\"}}]}<\/script>\n<!-- \/ Yoast SEO plugin. -->","yoast_head_json":{"title":"Orange cannelle","robots":{"index":"index","follow":"follow","max-snippet":"max-snippet:-1","max-image-preview":"max-image-preview:large","max-video-preview":"max-video-preview:-1"},"canonical":"https:\/\/osaveurs-medina.com\/RESTO\/produit\/crepes-marocaines\/","og_locale":"fr_FR","og_type":"article","og_title":"[:fr]Orange cannelle[:en]Cinnamon orange[:] - \u00d4 Saveurs de la Medina","og_description":"Tranches d'orange \u00e0 la cannelle accompagn\u00e9es d'une boule de glace ou d'une p\u00e2tisserie Marocaine","og_url":"https:\/\/osaveurs-medina.com\/RESTO\/produit\/crepes-marocaines\/","og_site_name":"\u00d4 Saveurs de la Medina","article_modified_time":"2025-12-15T09:08:26+00:00","twitter_card":"summary_large_image","schema":{"@context":"https:\/\/schema.org","@graph":[{"@type":"WebPage","@id":"https:\/\/osaveurs-medina.com\/RESTO\/produit\/crepes-marocaines\/","url":"https:\/\/osaveurs-medina.com\/RESTO\/produit\/crepes-marocaines\/","name":"Orange cannelle","isPartOf":{"@id":"https:\/\/osaveurs-medina.com\/RESTO\/#website"},"datePublished":"2023-05-14T09:42:19+00:00","dateModified":"2025-12-15T09:08:26+00:00","breadcrumb":{"@id":"https:\/\/osaveurs-medina.com\/RESTO\/produit\/crepes-marocaines\/#breadcrumb"},"inLanguage":"fr-FR","potentialAction":[{"@type":"ReadAction","target":["https:\/\/osaveurs-medina.com\/RESTO\/produit\/crepes-marocaines\/"]}]},{"@type":"BreadcrumbList","@id":"https:\/\/osaveurs-medina.com\/RESTO\/produit\/crepes-marocaines\/#breadcrumb","itemListElement":[{"@type":"ListItem","position":1,"name":"Accueil","item":"https:\/\/osaveurs-medina.com\/RESTO\/"},{"@type":"ListItem","position":2,"name":"Boutique","item":"https:\/\/osaveurs-medina.com\/RESTO\/boutique\/"},{"@type":"ListItem","position":3,"name":"Orange cannelle"}]},{"@type":"WebSite","@id":"https:\/\/osaveurs-medina.com\/RESTO\/#website","url":"https:\/\/osaveurs-medina.com\/RESTO\/","name":"\u00d4 Saveurs de la Medina","description":"Votre restaurant \u00e0 Rabat Maroc","publisher":{"@id":"https:\/\/osaveurs-medina.com\/RESTO\/#organization"},"potentialAction":[{"@type":"SearchAction","target":{"@type":"EntryPoint","urlTemplate":"https:\/\/osaveurs-medina.com\/RESTO\/?s={search_term_string}"},"query-input":{"@type":"PropertyValueSpecification","valueRequired":true,"valueName":"search_term_string"}}],"inLanguage":"fr-FR"},{"@type":"Organization","@id":"https:\/\/osaveurs-medina.com\/RESTO\/#organization","name":"\u00d4 Saveurs de la M\u00e9dina","url":"https:\/\/osaveurs-medina.com\/RESTO\/","logo":{"@type":"ImageObject","inLanguage":"fr-FR","@id":"https:\/\/osaveurs-medina.com\/RESTO\/#\/schema\/logo\/image\/","url":"https:\/\/osaveurs-medina.com\/RESTO\/wp-content\/uploads\/2020\/07\/cropped-logo_restaurant.PNG.png","contentUrl":"https:\/\/osaveurs-medina.com\/RESTO\/wp-content\/uploads\/2020\/07\/cropped-logo_restaurant.PNG.png","width":512,"height":512,"caption":"\u00d4 Saveurs de la M\u00e9dina"},"image":{"@id":"https:\/\/osaveurs-medina.com\/RESTO\/#\/schema\/logo\/image\/"}}]}},"_links":{"self":[{"href":"https:\/\/osaveurs-medina.com\/RESTO\/wp-json\/wp\/v2\/product\/3766","targetHints":{"allow":["GET"]}}],"collection":[{"href":"https:\/\/osaveurs-medina.com\/RESTO\/wp-json\/wp\/v2\/product"}],"about":[{"href":"https:\/\/osaveurs-medina.com\/RESTO\/wp-json\/wp\/v2\/types\/product"}],"wp:attachment":[{"href":"https:\/\/osaveurs-medina.com\/RESTO\/wp-json\/wp\/v2\/media?parent=3766"}],"wp:term":[{"taxonomy":"product_brand","embeddable":true,"href":"https:\/\/osaveurs-medina.com\/RESTO\/wp-json\/wp\/v2\/product_brand?post=3766"},{"taxonomy":"product_cat","embeddable":true,"href":"https:\/\/osaveurs-medina.com\/RESTO\/wp-json\/wp\/v2\/product_cat?post=3766"},{"taxonomy":"product_tag","embeddable":true,"href":"https:\/\/osaveurs-medina.com\/RESTO\/wp-json\/wp\/v2\/product_tag?post=3766"}],"curies":[{"name":"wp","href":"https:\/\/api.w.org\/{rel}","templated":true}]}}